{"id":7032,"date":"2025-06-03T12:44:57","date_gmt":"2025-06-03T12:44:57","guid":{"rendered":"https:\/\/x-ploregroup.com\/travelsandexpeditions\/?page_id=7032"},"modified":"2025-07-18T16:44:30","modified_gmt":"2025-07-18T16:44:30","slug":"viajes-en-grupo","status":"publish","type":"page","link":"https:\/\/x-ploregroup.com\/travelsandexpeditions\/viajes-en-grupo\/","title":{"rendered":"Viajes en Grupo"},"content":{"rendered":"\t\t<div data-elementor-type=\"wp-page\" data-elementor-id=\"7032\" class=\"elementor elementor-7032\">\n\t\t\t\t\t\t<section class=\"elementor-section elementor-top-section elementor-element elementor-element-4de4e48a elementor-section-boxed elementor-section-height-default elementor-section-height-default\" data-id=\"4de4e48a\" data-element_type=\"section\">\n\t\t\t\t\t\t<div class=\"elementor-container elementor-column-gap-default\">\n\t\t\t\t\t<div class=\"elementor-column elementor-col-100 elementor-top-column elementor-element elementor-element-12ba7d9e\" data-id=\"12ba7d9e\" data-element_type=\"column\">\n\t\t\t<div class=\"elementor-widget-wrap elementor-element-populated\">\n\t\t\t\t\t\t<div class=\"elementor-element elementor-element-28fba814 elementor-widget elementor-widget-heading\" data-id=\"28fba814\" data-element_type=\"widget\" data-widget_type=\"heading.default\">\n\t\t\t\t<div class=\"elementor-widget-container\">\n\t\t\t\t\t<h3 class=\"elementor-heading-title elementor-size-default\">VIAJES EN GRUPO<\/h3>\t\t\t\t<\/div>\n\t\t\t\t<\/div>\n\t\t\t\t<div class=\"elementor-element elementor-element-6e2dcaf elementor-widget elementor-widget-text-editor\" data-id=\"6e2dcaf\" data-element_type=\"widget\" data-widget_type=\"text-editor.default\">\n\t\t\t\t<div class=\"elementor-widget-container\">\n\t\t\t\t\t\t\t\t\t<p style=\"text-align: center;\"><span style=\"color: #cc4343;\"><strong><span style=\"font-size: 19px;\">Vive la experiencia de viajar con nosotros en grupos reducidos a grandes destinos por todo el planeta. De la mano de nuestros gu\u00edas\/coordinadores y colaboradores te llevamos a disfrutar de lugares m\u00e1gicos de una manera diferente, flexible y por los caminos menos trillados. Tanto si vienes solo\/a como acompa\u00f1ado\/a, en estos viajes en grupo puedes tener tu sitio.<\/span><\/strong><\/span><\/p>\t\t\t\t\t\t\t\t<\/div>\n\t\t\t\t<\/div>\n\t\t\t\t\t<\/div>\n\t\t<\/div>\n\t\t\t\t\t<\/div>\n\t\t<\/section>\n\t\t\t\t<section class=\"elementor-section elementor-top-section elementor-element elementor-element-0c64a81 elementor-section-boxed elementor-section-height-default elementor-section-height-default\" data-id=\"0c64a81\" data-element_type=\"section\">\n\t\t\t\t\t\t<div class=\"elementor-container elementor-column-gap-default\">\n\t\t\t\t\t<div class=\"elementor-column elementor-col-100 elementor-top-column elementor-element elementor-element-4e9371e\" data-id=\"4e9371e\" data-element_type=\"column\">\n\t\t\t<div class=\"elementor-widget-wrap elementor-element-populated\">\n\t\t\t\t\t\t<div class=\"elementor-element elementor-element-870a35b elementor-widget elementor-widget-shortcode\" data-id=\"870a35b\" data-element_type=\"widget\" data-widget_type=\"shortcode.default\">\n\t\t\t\t<div class=\"elementor-widget-container\">\n\t\t\t\t\t\t\t<div class=\"elementor-shortcode\"><div class=\"row\" style=\"margin-top:20px\"><div class=\"col medium-6 small-12 large-6 minimaaltura\">\n\n<div class=\"row rojito box-shadow-3\"><div class=\"col medium-12 small-12 large-12 sinm laimagenfondo\" style=\"background-image:url(https:\/\/x-ploregroup.com\/travelsandexpeditions\/wp-content\/uploads\/2025\/07\/Ecuador-1-de-1-36-scaled.jpg);min-height:300px;\" ><div class=\"etiqueta\">Plazas disponibles<\/div><\/div><div class=\"col medium-12 small-12 large-12 sinm viajee\"><span class=\"titulov\">ECUADOR Y GAL\u00c1PAGOS - Andes, Amazon\u00eda e Islas Legendarias<\/span><span class=\"destinov\"> (Ecuador)<\/span>\n\n<div class=\"row sinm\">\n<div class=\"salidav col medium-7 small-12 large-7\"><img decoding=\"async\" src=\"https:\/\/x-ploregroup.com\/travelsandexpeditions\/salida.jpg\" class=\"alinear\"> <b>Dates:<\/b><br \/>27 de abril de 2026<\/div><div class=\"duracionv col medium-5 small-12 large-5 \"><img decoding=\"async\" src=\"https:\/\/x-ploregroup.com\/travelsandexpeditions\/precio.jpg\" class=\"alinear\"> <b>Price:<\/b><br \/><span style=\"font-size:18px;\"><span style=\"font-size:15px;\">From<\/span> 4795\u20ac<\/span><\/div><\/div><span class=\"tipoviaje\">Naturaleza, Cultural, Fauna<\/span> &nbsp;&nbsp;&nbsp;&nbsp;&nbsp;<a target=\"_blank\" href=\"https:\/\/x-ploregroup.com\/travelsandexpeditions\/wp-content\/uploads\/2022\/05\/Ecuador-Andes-Amazonia-y-Galapagos-Abril-2026.pdf\" class=\"red-button sabermas\">READ MORE<\/a><\/div><\/div><\/div><div class=\"col medium-6 small-12 large-6 minimaaltura\">\n\n<div class=\"row rojito box-shadow-3\"><div class=\"col medium-12 small-12 large-12 sinm laimagenfondo\" style=\"background-image:url(https:\/\/x-ploregroup.com\/travelsandexpeditions\/wp-content\/uploads\/2025\/07\/UZBEKISTAN.png);min-height:300px;\" ><div class=\"etiqueta\">Grupo completo - Lista de Espera<\/div><\/div><div class=\"col medium-12 small-12 large-12 sinm viajee\"><span class=\"titulov\">UZBEKIST\u00c1N Y TURKMENIST\u00c1N - LA RUTA DE LA SEDA<\/span><span class=\"destinov\"> (Uzbekist\u00e1n y Turkmenist\u00e1n)<\/span>\n\n<div class=\"row sinm\">\n<div class=\"salidav col medium-7 small-12 large-7\"><img decoding=\"async\" src=\"https:\/\/x-ploregroup.com\/travelsandexpeditions\/salida.jpg\" class=\"alinear\"> <b>Dates:<\/b><br \/>18 de mayo de 2026<\/div><div class=\"duracionv col medium-5 small-12 large-5 \"><img decoding=\"async\" src=\"https:\/\/x-ploregroup.com\/travelsandexpeditions\/precio.jpg\" class=\"alinear\"> <b>Price:<\/b><br \/><span style=\"font-size:18px;\"><span style=\"font-size:15px;\">From<\/span> 4225\u20ac<\/span><\/div><\/div><span class=\"tipoviaje\">Cultural, naturaleza<\/span> &nbsp;&nbsp;&nbsp;&nbsp;&nbsp;<a target=\"_blank\" href=\"https:\/\/x-ploregroup.com\/travelsandexpeditions\/wp-content\/uploads\/2025\/07\/LA-RUTA-DE-LA-SEDA-EN-UZBEKISTAN-Y-TURKMENISTAN-MAYO-2026.pdf\" class=\"red-button sabermas\">READ MORE<\/a><\/div><\/div><\/div><div class=\"col medium-6 small-12 large-6 minimaaltura\">\n\n<div class=\"row rojito box-shadow-3\"><div class=\"col medium-12 small-12 large-12 sinm laimagenfondo\" style=\"background-image:url(https:\/\/x-ploregroup.com\/travelsandexpeditions\/wp-content\/uploads\/2020\/04\/DSC_0904-scaled.jpg);min-height:300px;\" ><div class=\"etiqueta\">Grupo Completo - Lista de Espera<\/div><\/div><div class=\"col medium-12 small-12 large-12 sinm viajee\"><span class=\"titulov\">EXPEDICI\u00d3N CULTURAL CONTRASTES DE MONGOLIA<\/span><span class=\"destinov\"> (Mongolia)<\/span>\n\n<div class=\"row sinm\">\n<div class=\"salidav col medium-7 small-12 large-7\"><img decoding=\"async\" src=\"https:\/\/x-ploregroup.com\/travelsandexpeditions\/salida.jpg\" class=\"alinear\"> <b>Dates:<\/b><br \/>27 de junio de 2026<\/div><div class=\"duracionv col medium-5 small-12 large-5 \"><img decoding=\"async\" src=\"https:\/\/x-ploregroup.com\/travelsandexpeditions\/precio.jpg\" class=\"alinear\"> <b>Price:<\/b><br \/><span style=\"font-size:18px;\"><span style=\"font-size:15px;\">From<\/span> 4450\u20ac<\/span><\/div><\/div><span class=\"tipoviaje\"><\/span> &nbsp;&nbsp;&nbsp;&nbsp;&nbsp;<a target=\"_blank\" href=\"https:\/\/x-ploregroup.com\/travelsandexpeditions\/wp-content\/uploads\/2023\/11\/XPMO01-Viaje-a-Mongolia.-Estepa-central-Gobi-y-Naadam-2026.pdf\" class=\"red-button sabermas\">READ MORE<\/a><\/div><\/div><\/div><div class=\"col medium-6 small-12 large-6 minimaaltura\">\n\n<div class=\"row rojito box-shadow-3\"><div class=\"col medium-12 small-12 large-12 sinm laimagenfondo\" style=\"background-image:url(https:\/\/x-ploregroup.com\/travelsandexpeditions\/wp-content\/uploads\/2025\/11\/Reunion-17-scaled.jpg);min-height:300px;\" ><div class=\"etiqueta\">Plazas disponibles<\/div><\/div><div class=\"col medium-12 small-12 large-12 sinm viajee\"><span class=\"titulov\">ISLA REUNI\u00d3N E ISLA MAURICIO - LAS PERLAS DEL INDICO<\/span><span class=\"destinov\"> (Isla Reuni\u00f3n e Isla Mauricio)<\/span>\n\n<div class=\"row sinm\">\n<div class=\"salidav col medium-7 small-12 large-7\"><img decoding=\"async\" src=\"https:\/\/x-ploregroup.com\/travelsandexpeditions\/salida.jpg\" class=\"alinear\"> <b>Dates:<\/b><br \/>27 de junio de 2026<\/div><div class=\"duracionv col medium-5 small-12 large-5 \"><img decoding=\"async\" src=\"https:\/\/x-ploregroup.com\/travelsandexpeditions\/precio.jpg\" class=\"alinear\"> <b>Price:<\/b><br \/><span style=\"font-size:18px;\"><span style=\"font-size:15px;\">From<\/span> 2490\u20ac<\/span><\/div><\/div><span class=\"tipoviaje\">Fauna, Naturaleza<\/span> &nbsp;&nbsp;&nbsp;&nbsp;&nbsp;<a target=\"_blank\" href=\"https:\/\/x-ploregroup.com\/travelsandexpeditions\/wp-content\/uploads\/2022\/05\/Reunion-y-Mauricio-Las-perlas-del-Indico-Junio-2026-1.pdf\" class=\"red-button sabermas\">READ MORE<\/a><\/div><\/div><\/div><div class=\"col medium-6 small-12 large-6 minimaaltura\">\n\n<div class=\"row rojito box-shadow-3\"><div class=\"col medium-12 small-12 large-12 sinm laimagenfondo\" style=\"background-image:url(https:\/\/x-ploregroup.com\/travelsandexpeditions\/wp-content\/uploads\/2023\/11\/MUSK-OX-27-scaled.jpg);min-height:300px;\" ><div class=\"etiqueta\">Grupo completo - Lista de Espera<\/div><\/div><div class=\"col medium-12 small-12 large-12 sinm viajee\"><span class=\"titulov\">GROENLANDIA - EL IMPERIO DE LOS ICEBERGS<\/span><span class=\"destinov\"> (Groenlandia)<\/span>\n\n<div class=\"row sinm\">\n<div class=\"salidav col medium-7 small-12 large-7\"><img decoding=\"async\" src=\"https:\/\/x-ploregroup.com\/travelsandexpeditions\/salida.jpg\" class=\"alinear\"> <b>Dates:<\/b><br \/>24 de Agosto de 2026<\/div><div class=\"duracionv col medium-5 small-12 large-5 \"><img decoding=\"async\" src=\"https:\/\/x-ploregroup.com\/travelsandexpeditions\/precio.jpg\" class=\"alinear\"> <b>Price:<\/b><br \/><span style=\"font-size:18px;\"><span style=\"font-size:15px;\">From<\/span> 3790\u20ac<\/span><\/div><\/div><span class=\"tipoviaje\"><\/span> &nbsp;&nbsp;&nbsp;&nbsp;&nbsp;<a target=\"_blank\" href=\"https:\/\/x-ploregroup.com\/travelsandexpeditions\/wp-content\/uploads\/2023\/11\/Groenlandia-el-imperio-de-los-icebergs-Agosto-2026.pdf\" class=\"red-button sabermas\">READ MORE<\/a><\/div><\/div><\/div><div class=\"col medium-6 small-12 large-6 minimaaltura\">\n\n<div class=\"row rojito box-shadow-3\"><div class=\"col medium-12 small-12 large-12 sinm laimagenfondo\" style=\"background-image:url(https:\/\/x-ploregroup.com\/travelsandexpeditions\/wp-content\/uploads\/2020\/04\/Foto-11-2-scaled.jpg);min-height:300px;\" ><div class=\"etiqueta\">Grupo Completo - Lista de Espera<\/div><\/div><div class=\"col medium-12 small-12 large-12 sinm viajee\"><span class=\"titulov\">EXPEDICI\u00d3N CULTURAL TUNU CON LOS CAZADORES INUIT<\/span><span class=\"destinov\"> (Groenlandia)<\/span>\n\n<div class=\"row sinm\">\n<div class=\"salidav col medium-7 small-12 large-7\"><img decoding=\"async\" src=\"https:\/\/x-ploregroup.com\/travelsandexpeditions\/salida.jpg\" class=\"alinear\"> <b>Dates:<\/b><br \/>24 de agosto 2026<\/div><div class=\"duracionv col medium-5 small-12 large-5 \"><img decoding=\"async\" src=\"https:\/\/x-ploregroup.com\/travelsandexpeditions\/precio.jpg\" class=\"alinear\"> <b>Price:<\/b><br \/><span style=\"font-size:18px;\"><span style=\"font-size:15px;\">From<\/span> 5050\u20ac<\/span><\/div><\/div><span class=\"tipoviaje\"><\/span> &nbsp;&nbsp;&nbsp;&nbsp;&nbsp;<a target=\"_blank\" href=\"https:\/\/x-ploregroup.com\/travelsandexpeditions\/wp-content\/uploads\/2023\/11\/XPGR02-Expedicion-cultural-Tunu-Groenlandia-2026.pdf\" class=\"red-button sabermas\">READ MORE<\/a><\/div><\/div><\/div><div class=\"col medium-6 small-12 large-6 minimaaltura\">\n\n<div class=\"row rojito box-shadow-3\"><div class=\"col medium-12 small-12 large-12 sinm laimagenfondo\" style=\"background-image:url(https:\/\/x-ploregroup.com\/travelsandexpeditions\/wp-content\/uploads\/2025\/11\/Oregon.jpg);min-height:300px;\" ><div class=\"etiqueta\">Grupo completo - Lista de espera<\/div><\/div><div class=\"col medium-12 small-12 large-12 sinm viajee\"><span class=\"titulov\">EEUU - PACIFICO NOROESTE Y YELLOWSTONE<\/span><span class=\"destinov\"> (Estados Unidos)<\/span>\n\n<div class=\"row sinm\">\n<div class=\"salidav col medium-7 small-12 large-7\"><img decoding=\"async\" src=\"https:\/\/x-ploregroup.com\/travelsandexpeditions\/salida.jpg\" class=\"alinear\"> <b>Dates:<\/b><br \/>18 de septiembre de 2026<\/div><div class=\"duracionv col medium-5 small-12 large-5 \"><img decoding=\"async\" src=\"https:\/\/x-ploregroup.com\/travelsandexpeditions\/precio.jpg\" class=\"alinear\"> <b>Price:<\/b><br \/><span style=\"font-size:18px;\"><span style=\"font-size:15px;\">From<\/span> 4795\u20ac<\/span><\/div><\/div><span class=\"tipoviaje\"><\/span> &nbsp;&nbsp;&nbsp;&nbsp;&nbsp;<a target=\"_blank\" href=\"https:\/\/x-ploregroup.com\/travelsandexpeditions\/wp-content\/uploads\/2025\/11\/Road-Trip-Pacifico-Noroeste-y-Yellowstone-Septiembre-2026.pdf\" class=\"red-button sabermas\">READ MORE<\/a><\/div><\/div><\/div><div class=\"col medium-6 small-12 large-6 minimaaltura\">\n\n<div class=\"row rojito box-shadow-3\"><div class=\"col medium-12 small-12 large-12 sinm laimagenfondo\" style=\"background-image:url(https:\/\/x-ploregroup.com\/travelsandexpeditions\/wp-content\/uploads\/2020\/04\/MONGOLIA-TSATAAN.jpg);min-height:300px;\" ><div class=\"etiqueta\">Grupo Completo - Lista de Espera<\/div><\/div><div class=\"col medium-12 small-12 large-12 sinm viajee\"><span class=\"titulov\">EXPEDICI\u00d3N ANTROPOL\u00d3GICA ETNIAS DE MONGOLIA<\/span><span class=\"destinov\"> (Mongolia)<\/span>\n\n<div class=\"row sinm\">\n<div class=\"salidav col medium-7 small-12 large-7\"><img decoding=\"async\" src=\"https:\/\/x-ploregroup.com\/travelsandexpeditions\/salida.jpg\" class=\"alinear\"> <b>Dates:<\/b><br \/>21 de septiembre 2026<\/div><div class=\"duracionv col medium-5 small-12 large-5 \"><img decoding=\"async\" src=\"https:\/\/x-ploregroup.com\/travelsandexpeditions\/precio.jpg\" class=\"alinear\"> <b>Price:<\/b><br \/><span style=\"font-size:18px;\"><span style=\"font-size:15px;\">From<\/span> 5110\u20ac<\/span><\/div><\/div><span class=\"tipoviaje\"><\/span> &nbsp;&nbsp;&nbsp;&nbsp;&nbsp;<a target=\"_blank\" href=\"https:\/\/x-ploregroup.com\/travelsandexpeditions\/wp-content\/uploads\/2023\/10\/XPMO04-Viaje-a-Mongolia.-Kazajos-y-Tsataan-2026.pdf\" class=\"red-button sabermas\">READ MORE<\/a><\/div><\/div><\/div><div class=\"col medium-6 small-12 large-6 minimaaltura\">\n\n<div class=\"row rojito box-shadow-3\"><div class=\"col medium-12 small-12 large-12 sinm laimagenfondo\" style=\"background-image:url(https:\/\/x-ploregroup.com\/travelsandexpeditions\/wp-content\/uploads\/2026\/03\/Montenegro-1-de-1-2-scaled.jpg);min-height:300px;\" ><div class=\"etiqueta\">Plazas disponibles<\/div><\/div><div class=\"col medium-12 small-12 large-12 sinm viajee\"><span class=\"titulov\">MONTENEGRO - Oto\u00f1o en la joya de los Balcanes<\/span><span class=\"destinov\"> (Montenegro)<\/span>\n\n<div class=\"row sinm\">\n<div class=\"salidav col medium-7 small-12 large-7\"><img decoding=\"async\" src=\"https:\/\/x-ploregroup.com\/travelsandexpeditions\/salida.jpg\" class=\"alinear\"> <b>Dates:<\/b><br \/>21 de octubre de 2026<\/div><div class=\"duracionv col medium-5 small-12 large-5 \"><img decoding=\"async\" src=\"https:\/\/x-ploregroup.com\/travelsandexpeditions\/precio.jpg\" class=\"alinear\"> <b>Price:<\/b><br \/><span style=\"font-size:18px;\"><span style=\"font-size:15px;\">From<\/span> 1870\u20ac<\/span><\/div><\/div><span class=\"tipoviaje\">Naturaleza, Cultural, Fauna<\/span> &nbsp;&nbsp;&nbsp;&nbsp;&nbsp;<a target=\"_blank\" href=\"https:\/\/x-ploregroup.com\/travelsandexpeditions\/wp-content\/uploads\/2026\/03\/MONTENEGRO-Otono-en-la-joya-de-los-Balcanes-Octubre-2026.pdf\" class=\"red-button sabermas\">READ MORE<\/a><\/div><\/div><\/div><div class=\"col medium-6 small-12 large-6 minimaaltura\">\n\n<div class=\"row rojito box-shadow-3\"><div class=\"col medium-12 small-12 large-12 sinm laimagenfondo\" style=\"background-image:url(https:\/\/x-ploregroup.com\/travelsandexpeditions\/wp-content\/uploads\/2026\/03\/TAIWAN.png);min-height:300px;\" ><div class=\"etiqueta\">Plazas Disponibles<\/div><\/div><div class=\"col medium-12 small-12 large-12 sinm viajee\"><span class=\"titulov\">TAIWAN - Viaje a la Isla de Formosa<\/span><span class=\"destinov\"> (Taiwan)<\/span>\n\n<div class=\"row sinm\">\n<div class=\"salidav col medium-7 small-12 large-7\"><img decoding=\"async\" src=\"https:\/\/x-ploregroup.com\/travelsandexpeditions\/salida.jpg\" class=\"alinear\"> <b>Dates:<\/b><br \/>18 de Noviembre de 2026<\/div><div class=\"duracionv col medium-5 small-12 large-5 \"><img decoding=\"async\" src=\"https:\/\/x-ploregroup.com\/travelsandexpeditions\/precio.jpg\" class=\"alinear\"> <b>Price:<\/b><br \/><span style=\"font-size:18px;\"><span style=\"font-size:15px;\">From<\/span> 2620\u20ac<\/span><\/div><\/div><span class=\"tipoviaje\">Road Trip, Fauna<\/span> &nbsp;&nbsp;&nbsp;&nbsp;&nbsp;<a target=\"_blank\" href=\"https:\/\/x-ploregroup.com\/travelsandexpeditions\/wp-content\/uploads\/2026\/03\/TAIWAN-Viaje-a-la-isla-de-Formosa-18-de-noviembre-al-2-diciembre-2026.pdf\" class=\"red-button sabermas\">READ MORE<\/a><\/div><\/div><\/div><div class=\"col medium-6 small-12 large-6 minimaaltura\">\n\n<div class=\"row rojito box-shadow-3\"><div class=\"col medium-12 small-12 large-12 sinm laimagenfondo\" style=\"background-image:url(https:\/\/x-ploregroup.com\/travelsandexpeditions\/wp-content\/uploads\/2025\/05\/yukon.png);min-height:300px;\" ><div class=\"etiqueta\">Fechas a definir<\/div><\/div><div class=\"col medium-12 small-12 large-12 sinm viajee\"><span class=\"titulov\">CANAD\u00c1 - TERRITORIO DEL YUK\u00d3N<\/span><span class=\"destinov\"> (Canad\u00e1)<\/span>\n\n<div class=\"row sinm\">\n<div class=\"salidav col medium-7 small-12 large-7\"><img decoding=\"async\" src=\"https:\/\/x-ploregroup.com\/travelsandexpeditions\/salida.jpg\" class=\"alinear\"> <b>Dates:<\/b><br \/>Agosto - Septiembre<\/div><div class=\"duracionv col medium-5 small-12 large-5 \"><img decoding=\"async\" src=\"https:\/\/x-ploregroup.com\/travelsandexpeditions\/precio.jpg\" class=\"alinear\"> <b>Price:<\/b><br \/><span style=\"font-size:18px;\"><span style=\"font-size:15px;\">From<\/span> 3790\u20ac<\/span><\/div><\/div><span class=\"tipoviaje\">Multiaventura<\/span> &nbsp;&nbsp;&nbsp;&nbsp;&nbsp;<a target=\"_blank\" href=\"https:\/\/x-ploregroup.com\/travelsandexpeditions\/wp-content\/uploads\/2025\/05\/CANADA-TERRITORIOS-DEL-YUKON-Multiactividad-1.pdf\" class=\"red-button sabermas\">READ MORE<\/a><\/div><\/div><\/div><\/div><\/div>\n\t\t\t\t\t\t<\/div>\n\t\t\t\t<\/div>\n\t\t\t\t<div class=\"elementor-element elementor-element-9b66905 elementor-widget elementor-widget-text-editor\" data-id=\"9b66905\" data-element_type=\"widget\" data-widget_type=\"text-editor.default\">\n\t\t\t\t<div class=\"elementor-widget-container\">\n\t\t\t\t\t\t\t\t\t<p style=\"text-align: center;\"><strong><span style=\"font-size: 19px; color: #bd2b2b;\">En este v\u00eddeo mostramos una selecci\u00f3n de destinos de nuestros viajes en grupo. Recorremos los rincones m\u00e1s salvajes y remotos del planeta en grupos reducidos, con el objetivo de disfrutar de una experiencia integral durante nuestras aventuras.<\/span><\/strong><\/p>\t\t\t\t\t\t\t\t<\/div>\n\t\t\t\t<\/div>\n\t\t\t\t\t<\/div>\n\t\t<\/div>\n\t\t\t\t\t<\/div>\n\t\t<\/section>\n\t\t\t\t<section class=\"elementor-section elementor-top-section elementor-element elementor-element-afdeae4 elementor-section-boxed elementor-section-height-default elementor-section-height-default\" data-id=\"afdeae4\" data-element_type=\"section\">\n\t\t\t\t\t\t<div class=\"elementor-container elementor-column-gap-default\">\n\t\t\t\t\t<div class=\"elementor-column elementor-col-100 elementor-top-column elementor-element elementor-element-a1d3c23\" data-id=\"a1d3c23\" data-element_type=\"column\">\n\t\t\t<div class=\"elementor-widget-wrap elementor-element-populated\">\n\t\t\t\t\t\t<div class=\"elementor-element elementor-element-c27ad22 elementor-widget elementor-widget-video\" data-id=\"c27ad22\" data-element_type=\"widget\" data-settings=\"{&quot;youtube_url&quot;:&quot;https:\\\/\\\/youtu.be\\\/-n7OPYrWN30&quot;,&quot;video_type&quot;:&quot;youtube&quot;,&quot;controls&quot;:&quot;yes&quot;}\" data-widget_type=\"video.default\">\n\t\t\t\t<div class=\"elementor-widget-container\">\n\t\t\t\t\t\t\t<div class=\"elementor-wrapper elementor-open-inline\">\n\t\t\t<div class=\"elementor-video\"><\/div>\t\t<\/div>\n\t\t\t\t\t\t<\/div>\n\t\t\t\t<\/div>\n\t\t\t\t\t<\/div>\n\t\t<\/div>\n\t\t\t\t\t<\/div>\n\t\t<\/section>\n\t\t\t\t<\/div>\n\t\t","protected":false},"excerpt":{"rendered":"<p>VIAJES EN GRUPO Vive la experiencia de viajar con nosotros en grupos reducidos a grandes destinos por todo el planeta. De la mano de nuestros gu\u00edas\/coordinadores y colaboradores te llevamos a disfrutar de lugares m\u00e1gicos de una manera diferente, flexible y por los caminos menos trillados. Tanto si vienes solo\/a como acompa\u00f1ado\/a, en estos viajes [&#8230;]\n","protected":false},"author":9,"featured_media":0,"parent":0,"menu_order":0,"comment_status":"closed","ping_status":"closed","template":"elementor_header_footer","meta":{"footnotes":""},"class_list":["post-7032","page","type-page","status-publish","hentry"],"acf":[],"_links":{"self":[{"href":"https:\/\/x-ploregroup.com\/travelsandexpeditions\/wp-json\/wp\/v2\/pages\/7032","targetHints":{"allow":["GET"]}}],"collection":[{"href":"https:\/\/x-ploregroup.com\/travelsandexpeditions\/wp-json\/wp\/v2\/pages"}],"about":[{"href":"https:\/\/x-ploregroup.com\/travelsandexpeditions\/wp-json\/wp\/v2\/types\/page"}],"author":[{"embeddable":true,"href":"https:\/\/x-ploregroup.com\/travelsandexpeditions\/wp-json\/wp\/v2\/users\/9"}],"replies":[{"embeddable":true,"href":"https:\/\/x-ploregroup.com\/travelsandexpeditions\/wp-json\/wp\/v2\/comments?post=7032"}],"version-history":[{"count":28,"href":"https:\/\/x-ploregroup.com\/travelsandexpeditions\/wp-json\/wp\/v2\/pages\/7032\/revisions"}],"predecessor-version":[{"id":8699,"href":"https:\/\/x-ploregroup.com\/travelsandexpeditions\/wp-json\/wp\/v2\/pages\/7032\/revisions\/8699"}],"wp:attachment":[{"href":"https:\/\/x-ploregroup.com\/travelsandexpeditions\/wp-json\/wp\/v2\/media?parent=7032"}],"curies":[{"name":"wp","href":"https:\/\/api.w.org\/{rel}","templated":true}]}}