{"id":7048,"date":"2025-06-03T13:28:45","date_gmt":"2025-06-03T13:28:45","guid":{"rendered":"https:\/\/x-ploregroup.com\/travelsandexpeditions\/?page_id=7048"},"modified":"2025-07-15T18:12:11","modified_gmt":"2025-07-15T18:12:11","slug":"expediciones-polares","status":"publish","type":"page","link":"https:\/\/x-ploregroup.com\/travelsandexpeditions\/expediciones-polares\/","title":{"rendered":"Expediciones polares"},"content":{"rendered":"\t\t<div data-elementor-type=\"wp-page\" data-elementor-id=\"7048\" class=\"elementor elementor-7048\">\n\t\t\t\t\t\t<section class=\"elementor-section elementor-top-section elementor-element elementor-element-2571552e elementor-section-boxed elementor-section-height-default elementor-section-height-default\" data-id=\"2571552e\" data-element_type=\"section\">\n\t\t\t\t\t\t<div class=\"elementor-container elementor-column-gap-default\">\n\t\t\t\t\t<div class=\"elementor-column elementor-col-100 elementor-top-column elementor-element elementor-element-3ccad58\" data-id=\"3ccad58\" data-element_type=\"column\">\n\t\t\t<div class=\"elementor-widget-wrap elementor-element-populated\">\n\t\t\t\t\t\t<div class=\"elementor-element elementor-element-266d439b elementor-widget elementor-widget-heading\" data-id=\"266d439b\" data-element_type=\"widget\" data-widget_type=\"heading.default\">\n\t\t\t\t<div class=\"elementor-widget-container\">\n\t\t\t\t\t<h3 class=\"elementor-heading-title elementor-size-default\">EXPEDICIONES POLARES<\/h3>\t\t\t\t<\/div>\n\t\t\t\t<\/div>\n\t\t\t\t\t<\/div>\n\t\t<\/div>\n\t\t\t\t\t<\/div>\n\t\t<\/section>\n\t\t\t\t<section class=\"elementor-section elementor-top-section elementor-element elementor-element-770d1f0a elementor-section-boxed elementor-section-height-default elementor-section-height-default\" data-id=\"770d1f0a\" data-element_type=\"section\">\n\t\t\t\t\t\t<div class=\"elementor-container elementor-column-gap-default\">\n\t\t\t\t\t<div class=\"elementor-column elementor-col-100 elementor-top-column elementor-element elementor-element-7b10783a\" data-id=\"7b10783a\" data-element_type=\"column\">\n\t\t\t<div class=\"elementor-widget-wrap elementor-element-populated\">\n\t\t\t\t\t\t<div class=\"elementor-element elementor-element-712a757 elementor-widget elementor-widget-text-editor\" data-id=\"712a757\" data-element_type=\"widget\" data-widget_type=\"text-editor.default\">\n\t\t\t\t<div class=\"elementor-widget-container\">\n\t\t\t\t\t\t\t\t\t<p style=\"text-align: center;\"><span style=\"color: #962a2a;\"><strong><span style=\"font-size: 19px;\">Aqu\u00ed encontrar\u00e1s viajes por los lugares m\u00e1s remotos del \u00c1rtico y la Ant\u00e1rtida, algunos de ellos en barcos de expedici\u00f3n con los que se consigue alcanzar sitios casi inaccesibles de otra manera. Preg\u00fantanos por fechas alternativas a las mostradas aqu\u00ed y te asesoraremos para encontrar tu viaje ideal por las regiones polares.<\/span><\/strong><\/span><\/p>\t\t\t\t\t\t\t\t<\/div>\n\t\t\t\t<\/div>\n\t\t\t\t<div class=\"elementor-element elementor-element-2c330051 elementor-widget elementor-widget-shortcode\" data-id=\"2c330051\" data-element_type=\"widget\" data-widget_type=\"shortcode.default\">\n\t\t\t\t<div class=\"elementor-widget-container\">\n\t\t\t\t\t\t\t<div class=\"elementor-shortcode\"><div class=\"row\" style=\"margin-top:20px\"><div class=\"col medium-6 small-12 large-6 minimaaltura\">\n\n<div class=\"row rojito box-shadow-3\"><div class=\"col medium-12 small-12 large-12 sinm laimagenfondo\" style=\"background-image:url(https:\/\/x-ploregroup.com\/travelsandexpeditions\/wp-content\/uploads\/2025\/07\/Polar-Bear-1-de-1-18-scaled.jpg);min-height:300px;\" ><div class=\"etiqueta\">Plazas disponibles<\/div><\/div><div class=\"col medium-12 small-12 large-12 sinm viajee\"><span class=\"titulov\">SVALBARD - En el Reino del oso polar<\/span><span class=\"destinov\"> (Svalbard)<\/span>\n\n<div class=\"row sinm\">\n<div class=\"salidav col medium-7 small-12 large-7\"><img decoding=\"async\" src=\"https:\/\/x-ploregroup.com\/travelsandexpeditions\/salida.jpg\" class=\"alinear\"> <b>Dates:<\/b><br \/>6 de julio de 2026<\/div><div class=\"duracionv col medium-5 small-12 large-5 \"><img decoding=\"async\" src=\"https:\/\/x-ploregroup.com\/travelsandexpeditions\/precio.jpg\" class=\"alinear\"> <b>Price:<\/b><br \/><span style=\"font-size:18px;\"><span style=\"font-size:15px;\">From<\/span> 5400\u20ac<\/span><\/div><\/div><span class=\"tipoviaje\">Expedici\u00f3n polar<\/span> &nbsp;&nbsp;&nbsp;&nbsp;&nbsp;<a target=\"_blank\" href=\"https:\/\/x-ploregroup.com\/travelsandexpeditions\/wp-content\/uploads\/2025\/07\/Svalbard-Circunnavegacion-de-Spitsbergen-En-el-reino-del-oso-polar.pdf\" class=\"red-button sabermas\">READ MORE<\/a><\/div><\/div><\/div><div class=\"col medium-6 small-12 large-6 minimaaltura\">\n\n<div class=\"row rojito box-shadow-3\"><div class=\"col medium-12 small-12 large-12 sinm laimagenfondo\" style=\"background-image:url(https:\/\/x-ploregroup.com\/travelsandexpeditions\/wp-content\/uploads\/2025\/07\/Antarctica-1-de-1-16-scaled.jpg);min-height:300px;\" ><div class=\"etiqueta\">Plazas disponibles<\/div><\/div><div class=\"col medium-12 small-12 large-12 sinm viajee\"><span class=\"titulov\">EXPEDICI\u00d3N ANT\u00c1RTIDA 2027<\/span><span class=\"destinov\"> (Ant\u00e1rtida)<\/span>\n\n<div class=\"row sinm\">\n<div class=\"salidav col medium-7 small-12 large-7\"><img decoding=\"async\" src=\"https:\/\/x-ploregroup.com\/travelsandexpeditions\/salida.jpg\" class=\"alinear\"> <b>Dates:<\/b><br \/>7 de marzo de 2027<\/div><div class=\"duracionv col medium-5 small-12 large-5 \"><img decoding=\"async\" src=\"https:\/\/x-ploregroup.com\/travelsandexpeditions\/precio.jpg\" class=\"alinear\"> <b>Price:<\/b><br \/><span style=\"font-size:18px;\"><span style=\"font-size:15px;\">From<\/span> 8650\u20ac<\/span><\/div><\/div><span class=\"tipoviaje\">Expedici\u00f3n polar<\/span> &nbsp;&nbsp;&nbsp;&nbsp;&nbsp;<a target=\"_blank\" href=\"https:\/\/x-ploregroup.com\/travelsandexpeditions\/wp-content\/uploads\/2025\/07\/Expedicion-Antartida-2027.pdf\" class=\"red-button sabermas\">READ MORE<\/a><\/div><\/div><\/div><\/div><\/div>\n\t\t\t\t\t\t<\/div>\n\t\t\t\t<\/div>\n\t\t\t\t\t<\/div>\n\t\t<\/div>\n\t\t\t\t\t<\/div>\n\t\t<\/section>\n\t\t\t\t<\/div>\n\t\t","protected":false},"excerpt":{"rendered":"<p>EXPEDICIONES POLARES Aqu\u00ed encontrar\u00e1s viajes por los lugares m\u00e1s remotos del \u00c1rtico y la Ant\u00e1rtida, algunos de ellos en barcos de expedici\u00f3n con los que se consigue alcanzar sitios casi inaccesibles de otra manera. Preg\u00fantanos por fechas alternativas a las mostradas aqu\u00ed y te asesoraremos para encontrar tu viaje ideal por las regiones polares.<\/p>\n","protected":false},"author":9,"featured_media":0,"parent":0,"menu_order":0,"comment_status":"closed","ping_status":"closed","template":"elementor_header_footer","meta":{"footnotes":""},"class_list":["post-7048","page","type-page","status-publish","hentry"],"acf":[],"_links":{"self":[{"href":"https:\/\/x-ploregroup.com\/travelsandexpeditions\/wp-json\/wp\/v2\/pages\/7048","targetHints":{"allow":["GET"]}}],"collection":[{"href":"https:\/\/x-ploregroup.com\/travelsandexpeditions\/wp-json\/wp\/v2\/pages"}],"about":[{"href":"https:\/\/x-ploregroup.com\/travelsandexpeditions\/wp-json\/wp\/v2\/types\/page"}],"author":[{"embeddable":true,"href":"https:\/\/x-ploregroup.com\/travelsandexpeditions\/wp-json\/wp\/v2\/users\/9"}],"replies":[{"embeddable":true,"href":"https:\/\/x-ploregroup.com\/travelsandexpeditions\/wp-json\/wp\/v2\/comments?post=7048"}],"version-history":[{"count":10,"href":"https:\/\/x-ploregroup.com\/travelsandexpeditions\/wp-json\/wp\/v2\/pages\/7048\/revisions"}],"predecessor-version":[{"id":8650,"href":"https:\/\/x-ploregroup.com\/travelsandexpeditions\/wp-json\/wp\/v2\/pages\/7048\/revisions\/8650"}],"wp:attachment":[{"href":"https:\/\/x-ploregroup.com\/travelsandexpeditions\/wp-json\/wp\/v2\/media?parent=7048"}],"curies":[{"name":"wp","href":"https:\/\/api.w.org\/{rel}","templated":true}]}}