{"id":7059,"date":"2025-06-03T13:33:39","date_gmt":"2025-06-03T13:33:39","guid":{"rendered":"https:\/\/x-ploregroup.com\/travelsandexpeditions\/?page_id=7059"},"modified":"2025-07-11T16:23:05","modified_gmt":"2025-07-11T16:23:05","slug":"fly-and-drive","status":"publish","type":"page","link":"https:\/\/x-ploregroup.com\/travelsandexpeditions\/fly-and-drive\/","title":{"rendered":"FLY AND DRIVE"},"content":{"rendered":"\t\t<div data-elementor-type=\"wp-page\" data-elementor-id=\"7059\" class=\"elementor elementor-7059\">\n\t\t\t\t\t\t<section class=\"elementor-section elementor-top-section elementor-element elementor-element-5ea7e938 elementor-section-boxed elementor-section-height-default elementor-section-height-default\" data-id=\"5ea7e938\" data-element_type=\"section\">\n\t\t\t\t\t\t<div class=\"elementor-container elementor-column-gap-default\">\n\t\t\t\t\t<div class=\"elementor-column elementor-col-100 elementor-top-column elementor-element elementor-element-66d8addb\" data-id=\"66d8addb\" data-element_type=\"column\">\n\t\t\t<div class=\"elementor-widget-wrap elementor-element-populated\">\n\t\t\t\t\t\t<div class=\"elementor-element elementor-element-53470c48 elementor-widget elementor-widget-heading\" data-id=\"53470c48\" data-element_type=\"widget\" data-widget_type=\"heading.default\">\n\t\t\t\t<div class=\"elementor-widget-container\">\n\t\t\t\t\t<h3 class=\"elementor-heading-title elementor-size-default\">FLY AND DRIVE <\/h3>\t\t\t\t<\/div>\n\t\t\t\t<\/div>\n\t\t\t\t\t<\/div>\n\t\t<\/div>\n\t\t\t\t\t<\/div>\n\t\t<\/section>\n\t\t\t\t<section class=\"elementor-section elementor-top-section elementor-element elementor-element-bfa062f elementor-section-boxed elementor-section-height-default elementor-section-height-default\" data-id=\"bfa062f\" data-element_type=\"section\">\n\t\t\t\t\t\t<div class=\"elementor-container elementor-column-gap-default\">\n\t\t\t\t\t<div class=\"elementor-column elementor-col-100 elementor-top-column elementor-element elementor-element-590f8b13\" data-id=\"590f8b13\" data-element_type=\"column\">\n\t\t\t<div class=\"elementor-widget-wrap elementor-element-populated\">\n\t\t\t\t\t\t<div class=\"elementor-element elementor-element-b0fc4d7 elementor-widget elementor-widget-text-editor\" data-id=\"b0fc4d7\" data-element_type=\"widget\" data-widget_type=\"text-editor.default\">\n\t\t\t\t<div class=\"elementor-widget-container\">\n\t\t\t\t\t\t\t\t\t<p style=\"text-align: center;\"><span style=\"font-size: 19px; color: #e14d43;\"><strong>Organizamos \u00abFly and Drive\u00bb a medida, es decir, viajes autoguiados en los que preparamos una ruta para ti basada en tus preferencias y nuestra experiencia en los destinos y nos encargamos de las gestiones de los servicios requeridos, tales como vuelos, alquiler de veh\u00edculo, actividades, etc&#8230;Aqu\u00ed puedes encontrar una selecci\u00f3n de destinos que puedes disfrutar bajo el asesoramiento de X-plore.<\/strong><\/span><\/p>\t\t\t\t\t\t\t\t<\/div>\n\t\t\t\t<\/div>\n\t\t\t\t<div class=\"elementor-element elementor-element-32650994 elementor-widget elementor-widget-shortcode\" data-id=\"32650994\" data-element_type=\"widget\" data-widget_type=\"shortcode.default\">\n\t\t\t\t<div class=\"elementor-widget-container\">\n\t\t\t\t\t\t\t<div class=\"elementor-shortcode\"><div class=\"row\" style=\"margin-top:20px\"><div class=\"col medium-6 small-12 large-6 minimaaltura\">\n\n<div class=\"row rojito box-shadow-3\"><div class=\"col medium-12 small-12 large-12 sinm laimagenfondo\" style=\"background-image:url(https:\/\/x-ploregroup.com\/travelsandexpeditions\/wp-content\/uploads\/2025\/07\/DSC01547-scaled.jpg);min-height:300px;\" ><\/div><div class=\"col medium-12 small-12 large-12 sinm viajee\"><span class=\"titulov\">NORUEGA - FIORDOS NORUEGOS: De Stavanger a Bergen<\/span><span class=\"destinov\"> (Noruega)<\/span>\n\n<div class=\"row sinm\">\n<div class=\"salidav col medium-7 small-12 large-7\"><img decoding=\"async\" src=\"https:\/\/x-ploregroup.com\/travelsandexpeditions\/salida.jpg\" class=\"alinear\"> <b>Dates:<\/b><br \/>De mayo a octubre<\/div><div class=\"duracionv col medium-5 small-12 large-5 \"><img decoding=\"async\" src=\"https:\/\/x-ploregroup.com\/travelsandexpeditions\/precio.jpg\" class=\"alinear\"> <b>Price:<\/b><br \/><span style=\"font-size:18px;\"><span style=\"font-size:15px;\">From<\/span> \u20ac<\/span><\/div><\/div><span class=\"tipoviaje\">PRECIOS A CONSULTAR <\/span> &nbsp;&nbsp;&nbsp;&nbsp;&nbsp;<a target=\"_blank\" href=\"https:\/\/x-ploregroup.com\/travelsandexpeditions\/wp-content\/uploads\/2025\/07\/NORUEGA-FIORDOS-NORUEGOS-STAVANGER-A-BERGEN.pdf\" class=\"red-button sabermas\">READ MORE<\/a><\/div><\/div><\/div><div class=\"col medium-6 small-12 large-6 minimaaltura\">\n\n<div class=\"row rojito box-shadow-3\"><div class=\"col medium-12 small-12 large-12 sinm laimagenfondo\" style=\"background-image:url(https:\/\/x-ploregroup.com\/travelsandexpeditions\/wp-content\/uploads\/2025\/07\/moraine-lake-2686353_1920.jpg);min-height:300px;\" ><\/div><div class=\"col medium-12 small-12 large-12 sinm viajee\"><span class=\"titulov\">CANAD\u00c1 - Parques Nacionales de la Costa Oeste<\/span><span class=\"destinov\"> (Canad\u00e1)<\/span>\n\n<div class=\"row sinm\">\n<div class=\"salidav col medium-7 small-12 large-7\"><img decoding=\"async\" src=\"https:\/\/x-ploregroup.com\/travelsandexpeditions\/salida.jpg\" class=\"alinear\"> <b>Dates:<\/b><br \/>De mayo a octubre<\/div><div class=\"duracionv col medium-5 small-12 large-5 \"><img decoding=\"async\" src=\"https:\/\/x-ploregroup.com\/travelsandexpeditions\/precio.jpg\" class=\"alinear\"> <b>Price:<\/b><br \/><span style=\"font-size:18px;\"><span style=\"font-size:15px;\">From<\/span> \u20ac<\/span><\/div><\/div><span class=\"tipoviaje\">PRECIOS A CONSULTAR <\/span> &nbsp;&nbsp;&nbsp;&nbsp;&nbsp;<a target=\"_blank\" href=\"https:\/\/x-ploregroup.com\/travelsandexpeditions\/wp-content\/uploads\/2025\/07\/CANADA-PARQUES-COSTA-OESTE-FLY-AND-DRIVE.pdf\" class=\"red-button sabermas\">READ MORE<\/a><\/div><\/div><\/div><div class=\"col medium-6 small-12 large-6 minimaaltura\">\n\n<div class=\"row rojito box-shadow-3\"><div class=\"col medium-12 small-12 large-12 sinm laimagenfondo\" style=\"background-image:url(https:\/\/x-ploregroup.com\/travelsandexpeditions\/wp-content\/uploads\/2023\/06\/ruta-de-los-tindens.jpg);min-height:300px;\" ><\/div><div class=\"col medium-12 small-12 large-12 sinm viajee\"><span class=\"titulov\">LA RUTA DE LOS TINDENS: TROMSO - LOFOTEN<\/span><span class=\"destinov\"> (Noruega)<\/span>\n\n<div class=\"row sinm\">\n<div class=\"salidav col medium-7 small-12 large-7\"><img decoding=\"async\" src=\"https:\/\/x-ploregroup.com\/travelsandexpeditions\/salida.jpg\" class=\"alinear\"> <b>Dates:<\/b><br \/>De agosto a abril<\/div><div class=\"duracionv col medium-5 small-12 large-5 \"><img decoding=\"async\" src=\"https:\/\/x-ploregroup.com\/travelsandexpeditions\/precio.jpg\" class=\"alinear\"> <b>Price:<\/b><br \/><span style=\"font-size:18px;\"><span style=\"font-size:15px;\">From<\/span> \u20ac<\/span><\/div><\/div><span class=\"tipoviaje\">PRECIOS A CONSULTAR<\/span> &nbsp;&nbsp;&nbsp;&nbsp;&nbsp;<a target=\"_blank\" href=\"https:\/\/x-ploregroup.com\/travelsandexpeditions\/wp-content\/uploads\/2023\/06\/NORUEGA-ARCTICA-La-Ruta-de-los-Tindens.pdf\" class=\"red-button sabermas\">READ MORE<\/a><\/div><\/div><\/div><div class=\"col medium-6 small-12 large-6 minimaaltura\">\n\n<div class=\"row rojito box-shadow-3\"><div class=\"col medium-12 small-12 large-12 sinm laimagenfondo\" style=\"background-image:url(https:\/\/x-ploregroup.com\/travelsandexpeditions\/wp-content\/uploads\/2020\/04\/ISLANDIA-12-D.jpg);min-height:300px;\" ><\/div><div class=\"col medium-12 small-12 large-12 sinm viajee\"><span class=\"titulov\">LA VUELTA A ISLANDIA A TU AIRE<\/span><span class=\"destinov\"> (Islandia)<\/span>\n\n<div class=\"row sinm\">\n<div class=\"salidav col medium-7 small-12 large-7\"><img decoding=\"async\" src=\"https:\/\/x-ploregroup.com\/travelsandexpeditions\/salida.jpg\" class=\"alinear\"> <b>Dates:<\/b><br \/>De abril a octubre<\/div><div class=\"duracionv col medium-5 small-12 large-5 \"><img decoding=\"async\" src=\"https:\/\/x-ploregroup.com\/travelsandexpeditions\/precio.jpg\" class=\"alinear\"> <b>Price:<\/b><br \/><span style=\"font-size:18px;\"><span style=\"font-size:15px;\">From<\/span> \u20ac<\/span><\/div><\/div><span class=\"tipoviaje\">PRECIOS A CONSULTAR<\/span> &nbsp;&nbsp;&nbsp;&nbsp;&nbsp;<a target=\"_blank\" href=\"https:\/\/x-ploregroup.com\/travelsandexpeditions\/wp-content\/uploads\/2020\/04\/La-vuelta-a-ISLANDIA-a-tu-aire.pdf\" class=\"red-button sabermas\">READ MORE<\/a><\/div><\/div><\/div><\/div><\/div>\n\t\t\t\t\t\t<\/div>\n\t\t\t\t<\/div>\n\t\t\t\t\t<\/div>\n\t\t<\/div>\n\t\t\t\t\t<\/div>\n\t\t<\/section>\n\t\t\t\t<\/div>\n\t\t","protected":false},"excerpt":{"rendered":"<p>FLY AND DRIVE Organizamos \u00abFly and Drive\u00bb a medida, es decir, viajes autoguiados en los que preparamos una ruta para ti basada en tus preferencias y nuestra experiencia en los destinos y nos encargamos de las gestiones de los servicios requeridos, tales como vuelos, alquiler de veh\u00edculo, actividades, etc&#8230;Aqu\u00ed puedes encontrar una selecci\u00f3n de destinos [&#8230;]\n","protected":false},"author":9,"featured_media":0,"parent":0,"menu_order":0,"comment_status":"closed","ping_status":"closed","template":"elementor_header_footer","meta":{"footnotes":""},"class_list":["post-7059","page","type-page","status-publish","hentry"],"acf":[],"_links":{"self":[{"href":"https:\/\/x-ploregroup.com\/travelsandexpeditions\/wp-json\/wp\/v2\/pages\/7059","targetHints":{"allow":["GET"]}}],"collection":[{"href":"https:\/\/x-ploregroup.com\/travelsandexpeditions\/wp-json\/wp\/v2\/pages"}],"about":[{"href":"https:\/\/x-ploregroup.com\/travelsandexpeditions\/wp-json\/wp\/v2\/types\/page"}],"author":[{"embeddable":true,"href":"https:\/\/x-ploregroup.com\/travelsandexpeditions\/wp-json\/wp\/v2\/users\/9"}],"replies":[{"embeddable":true,"href":"https:\/\/x-ploregroup.com\/travelsandexpeditions\/wp-json\/wp\/v2\/comments?post=7059"}],"version-history":[{"count":28,"href":"https:\/\/x-ploregroup.com\/travelsandexpeditions\/wp-json\/wp\/v2\/pages\/7059\/revisions"}],"predecessor-version":[{"id":8382,"href":"https:\/\/x-ploregroup.com\/travelsandexpeditions\/wp-json\/wp\/v2\/pages\/7059\/revisions\/8382"}],"wp:attachment":[{"href":"https:\/\/x-ploregroup.com\/travelsandexpeditions\/wp-json\/wp\/v2\/media?parent=7059"}],"curies":[{"name":"wp","href":"https:\/\/api.w.org\/{rel}","templated":true}]}}