{"id":8580,"date":"2025-07-15T12:28:42","date_gmt":"2025-07-15T12:28:42","guid":{"rendered":"https:\/\/x-ploregroup.com\/travelsandexpeditions\/?page_id=8580"},"modified":"2025-08-21T17:11:17","modified_gmt":"2025-08-21T17:11:17","slug":"viajes-antropologicos","status":"publish","type":"page","link":"https:\/\/x-ploregroup.com\/travelsandexpeditions\/viajes-antropologicos\/","title":{"rendered":"VIAJES ANTROPOL\u00d3GICOS"},"content":{"rendered":"\t\t<div data-elementor-type=\"wp-page\" data-elementor-id=\"8580\" class=\"elementor elementor-8580\">\n\t\t\t\t\t\t<section class=\"elementor-section elementor-top-section elementor-element elementor-element-5ea7e938 elementor-section-boxed elementor-section-height-default elementor-section-height-default\" data-id=\"5ea7e938\" data-element_type=\"section\">\n\t\t\t\t\t\t<div class=\"elementor-container elementor-column-gap-default\">\n\t\t\t\t\t<div class=\"elementor-column elementor-col-100 elementor-top-column elementor-element elementor-element-66d8addb\" data-id=\"66d8addb\" data-element_type=\"column\">\n\t\t\t<div class=\"elementor-widget-wrap elementor-element-populated\">\n\t\t\t\t\t\t<div class=\"elementor-element elementor-element-53470c48 elementor-widget elementor-widget-heading\" data-id=\"53470c48\" data-element_type=\"widget\" data-widget_type=\"heading.default\">\n\t\t\t\t<div class=\"elementor-widget-container\">\n\t\t\t\t\t<h3 class=\"elementor-heading-title elementor-size-default\">VIAJES ANTROPOL\u00d3GICOS<\/h3>\t\t\t\t<\/div>\n\t\t\t\t<\/div>\n\t\t\t\t\t<\/div>\n\t\t<\/div>\n\t\t\t\t\t<\/div>\n\t\t<\/section>\n\t\t\t\t<section class=\"elementor-section elementor-top-section elementor-element elementor-element-bfa062f elementor-section-boxed elementor-section-height-default elementor-section-height-default\" data-id=\"bfa062f\" data-element_type=\"section\">\n\t\t\t\t\t\t<div class=\"elementor-container elementor-column-gap-default\">\n\t\t\t\t\t<div class=\"elementor-column elementor-col-100 elementor-top-column elementor-element elementor-element-590f8b13\" data-id=\"590f8b13\" data-element_type=\"column\">\n\t\t\t<div class=\"elementor-widget-wrap elementor-element-populated\">\n\t\t\t\t\t\t<div class=\"elementor-element elementor-element-b0fc4d7 elementor-widget elementor-widget-text-editor\" data-id=\"b0fc4d7\" data-element_type=\"widget\" data-widget_type=\"text-editor.default\">\n\t\t\t\t<div class=\"elementor-widget-container\">\n\t\t\t\t\t\t\t\t\t<p style=\"text-align: center;\"><span style=\"font-size: 19px; color: #e14d43;\"><strong><span style=\"color: #a13932;\">Somos especialistas en viajes de car\u00e1cter \u00e9tnico y antropol\u00f3gico, una inmersi\u00f3n en culturas ancestrales cuyas costumbres nos parecen muy lejanas. Un contacto con comunidades locales con el prop\u00f3sito de conocer su forma de vida sin ser invasivos e interactuando con poblaciones que a\u00fan mantienen muy vivas sus tradiciones. De la mano de antrop\u00f3logos como Francesc Bail\u00f3n Trueba, quien nos conduce por los lugares m\u00e1s remotos y aut\u00e9nticos de destinos fascinantes como el Este de Groenlandia, Mongolia o Guatemala entre muchos otros<\/span>.<\/strong><\/span><\/p>\t\t\t\t\t\t\t\t<\/div>\n\t\t\t\t<\/div>\n\t\t\t\t<div class=\"elementor-element elementor-element-32650994 elementor-widget elementor-widget-shortcode\" data-id=\"32650994\" data-element_type=\"widget\" data-widget_type=\"shortcode.default\">\n\t\t\t\t<div class=\"elementor-widget-container\">\n\t\t\t\t\t\t\t<div class=\"elementor-shortcode\"><div class=\"row\" style=\"margin-top:20px\"><div class=\"col medium-6 small-12 large-6 minimaaltura\">\n\n<div class=\"row rojito box-shadow-3\"><div class=\"col medium-12 small-12 large-12 sinm laimagenfondo\" style=\"background-image:url(https:\/\/x-ploregroup.com\/travelsandexpeditions\/wp-content\/uploads\/2020\/05\/GUATEMALA-MAYA.jpg);min-height:300px;\" ><div class=\"etiqueta\">\u00a1Grupo Completo! Lista de Espera<\/div><\/div><div class=\"col medium-12 small-12 large-12 sinm viajee\"><span class=\"titulov\">GUATEMALA: VIAJE ANTROPOL\u00d3GICO AL CORAZ\u00d3N DEL MUNDO MAYA<\/span><span class=\"destinov\"> (Guatemala)<\/span>\n\n<div class=\"row sinm\">\n<div class=\"salidav col medium-7 small-12 large-7\"><img decoding=\"async\" src=\"https:\/\/x-ploregroup.com\/travelsandexpeditions\/salida.jpg\" class=\"alinear\"> <b>Dates:<\/b><br \/>2 al 19 de marzo de 2026<\/div><div class=\"duracionv col medium-5 small-12 large-5 \"><img decoding=\"async\" src=\"https:\/\/x-ploregroup.com\/travelsandexpeditions\/precio.jpg\" class=\"alinear\"> <b>Price:<\/b><br \/><span style=\"font-size:18px;\"><span style=\"font-size:15px;\">From<\/span> 3385\u20ac<\/span><\/div><\/div><span class=\"tipoviaje\">Antropol\u00f3gico<\/span> &nbsp;&nbsp;&nbsp;&nbsp;&nbsp;<a target=\"_blank\" href=\"https:\/\/x-ploregroup.com\/travelsandexpeditions\/wp-content\/uploads\/2023\/05\/Guatemala.-Viaje-al-coraz\u00f3n-del-mundo-maya.-2026.pdf\" class=\"red-button sabermas\">READ MORE<\/a><\/div><\/div><\/div><div class=\"col medium-6 small-12 large-6 minimaaltura\">\n\n<div class=\"row rojito box-shadow-3\"><div class=\"col medium-12 small-12 large-12 sinm laimagenfondo\" style=\"background-image:url(https:\/\/x-ploregroup.com\/travelsandexpeditions\/wp-content\/uploads\/2025\/05\/Banner_EXPEDICI\u00d3N_ANTROPOL\u00d3GICA_02-2048x562-1.jpg);min-height:300px;\" ><div class=\"etiqueta\">Grupo Completo - Lista de Espera<\/div><\/div><div class=\"col medium-12 small-12 large-12 sinm viajee\"><span class=\"titulov\">VIAJE ANTROPOL\u00d3GICO \u00abEXPEDICI\u00d3N INUIT\u00bb: COSTA ESTE DE GROENLANDIA<\/span><span class=\"destinov\"> (Groenlandia)<\/span>\n\n<div class=\"row sinm\">\n<div class=\"salidav col medium-7 small-12 large-7\"><img decoding=\"async\" src=\"https:\/\/x-ploregroup.com\/travelsandexpeditions\/salida.jpg\" class=\"alinear\"> <b>Dates:<\/b><br \/>10 al 19 de marzo de 2026<\/div><div class=\"duracionv col medium-5 small-12 large-5 \"><img decoding=\"async\" src=\"https:\/\/x-ploregroup.com\/travelsandexpeditions\/precio.jpg\" class=\"alinear\"> <b>Price:<\/b><br \/><span style=\"font-size:18px;\"><span style=\"font-size:15px;\">From<\/span> 4375\u20ac<\/span><\/div><\/div><span class=\"tipoviaje\">Antropol\u00f3gico<\/span> &nbsp;&nbsp;&nbsp;&nbsp;&nbsp;<a target=\"_blank\" href=\"https:\/\/x-ploregroup.com\/travelsandexpeditions\/wp-content\/uploads\/2025\/05\/XPGR01-Viaje-antropol\u00f3gico-\u00abExpedici\u00f3n-inuit\u00bb-Groenlandia-2026.pdf\" class=\"red-button sabermas\">READ MORE<\/a><\/div><\/div><\/div><div class=\"col medium-6 small-12 large-6 minimaaltura\">\n\n<div class=\"row rojito box-shadow-3\"><div class=\"col medium-12 small-12 large-12 sinm laimagenfondo\" style=\"background-image:url(https:\/\/x-ploregroup.com\/travelsandexpeditions\/wp-content\/uploads\/2020\/04\/DSC_0904-scaled.jpg);min-height:300px;\" ><div class=\"etiqueta\">Grupo Completo - Lista de Espera<\/div><\/div><div class=\"col medium-12 small-12 large-12 sinm viajee\"><span class=\"titulov\">EXPEDICI\u00d3N CULTURAL CONTRASTES DE MONGOLIA<\/span><span class=\"destinov\"> (Mongolia)<\/span>\n\n<div class=\"row sinm\">\n<div class=\"salidav col medium-7 small-12 large-7\"><img decoding=\"async\" src=\"https:\/\/x-ploregroup.com\/travelsandexpeditions\/salida.jpg\" class=\"alinear\"> <b>Dates:<\/b><br \/>27 de junio de 2026<\/div><div class=\"duracionv col medium-5 small-12 large-5 \"><img decoding=\"async\" src=\"https:\/\/x-ploregroup.com\/travelsandexpeditions\/precio.jpg\" class=\"alinear\"> <b>Price:<\/b><br \/><span style=\"font-size:18px;\"><span style=\"font-size:15px;\">From<\/span> 4450\u20ac<\/span><\/div><\/div><span class=\"tipoviaje\"><\/span> &nbsp;&nbsp;&nbsp;&nbsp;&nbsp;<a target=\"_blank\" href=\"https:\/\/x-ploregroup.com\/travelsandexpeditions\/wp-content\/uploads\/2023\/11\/XPMO01-Viaje-a-Mongolia.-Estepa-central-Gobi-y-Naadam-2026.pdf\" class=\"red-button sabermas\">READ MORE<\/a><\/div><\/div><\/div><div class=\"col medium-6 small-12 large-6 minimaaltura\">\n\n<div class=\"row rojito box-shadow-3\"><div class=\"col medium-12 small-12 large-12 sinm laimagenfondo\" style=\"background-image:url(https:\/\/x-ploregroup.com\/travelsandexpeditions\/wp-content\/uploads\/2020\/04\/Foto-11-2-scaled.jpg);min-height:300px;\" ><div class=\"etiqueta\">Grupo Completo - Lista de Espera<\/div><\/div><div class=\"col medium-12 small-12 large-12 sinm viajee\"><span class=\"titulov\">EXPEDICI\u00d3N CULTURAL TUNU CON LOS CAZADORES INUIT<\/span><span class=\"destinov\"> (Groenlandia)<\/span>\n\n<div class=\"row sinm\">\n<div class=\"salidav col medium-7 small-12 large-7\"><img decoding=\"async\" src=\"https:\/\/x-ploregroup.com\/travelsandexpeditions\/salida.jpg\" class=\"alinear\"> <b>Dates:<\/b><br \/>24 de agosto 2026<\/div><div class=\"duracionv col medium-5 small-12 large-5 \"><img decoding=\"async\" src=\"https:\/\/x-ploregroup.com\/travelsandexpeditions\/precio.jpg\" class=\"alinear\"> <b>Price:<\/b><br \/><span style=\"font-size:18px;\"><span style=\"font-size:15px;\">From<\/span> 5050\u20ac<\/span><\/div><\/div><span class=\"tipoviaje\"><\/span> &nbsp;&nbsp;&nbsp;&nbsp;&nbsp;<a target=\"_blank\" href=\"https:\/\/x-ploregroup.com\/travelsandexpeditions\/wp-content\/uploads\/2023\/11\/XPGR02-Expedicion-cultural-Tunu-Groenlandia-2026.pdf\" class=\"red-button sabermas\">READ MORE<\/a><\/div><\/div><\/div><div class=\"col medium-6 small-12 large-6 minimaaltura\">\n\n<div class=\"row rojito box-shadow-3\"><div class=\"col medium-12 small-12 large-12 sinm laimagenfondo\" style=\"background-image:url(https:\/\/x-ploregroup.com\/travelsandexpeditions\/wp-content\/uploads\/2020\/04\/MONGOLIA-TSATAAN.jpg);min-height:300px;\" ><div class=\"etiqueta\">Grupo Completo - Lista de Espera<\/div><\/div><div class=\"col medium-12 small-12 large-12 sinm viajee\"><span class=\"titulov\">EXPEDICI\u00d3N ANTROPOL\u00d3GICA ETNIAS DE MONGOLIA<\/span><span class=\"destinov\"> (Mongolia)<\/span>\n\n<div class=\"row sinm\">\n<div class=\"salidav col medium-7 small-12 large-7\"><img decoding=\"async\" src=\"https:\/\/x-ploregroup.com\/travelsandexpeditions\/salida.jpg\" class=\"alinear\"> <b>Dates:<\/b><br \/>21 de septiembre 2026<\/div><div class=\"duracionv col medium-5 small-12 large-5 \"><img decoding=\"async\" src=\"https:\/\/x-ploregroup.com\/travelsandexpeditions\/precio.jpg\" class=\"alinear\"> <b>Price:<\/b><br \/><span style=\"font-size:18px;\"><span style=\"font-size:15px;\">From<\/span> 5110\u20ac<\/span><\/div><\/div><span class=\"tipoviaje\"><\/span> &nbsp;&nbsp;&nbsp;&nbsp;&nbsp;<a target=\"_blank\" href=\"https:\/\/x-ploregroup.com\/travelsandexpeditions\/wp-content\/uploads\/2023\/10\/XPMO04-Viaje-a-Mongolia.-Kazajos-y-Tsataan-2026.pdf\" class=\"red-button sabermas\">READ MORE<\/a><\/div><\/div><\/div><\/div><\/div>\n\t\t\t\t\t\t<\/div>\n\t\t\t\t<\/div>\n\t\t\t\t\t<\/div>\n\t\t<\/div>\n\t\t\t\t\t<\/div>\n\t\t<\/section>\n\t\t\t\t<section class=\"elementor-section elementor-top-section elementor-element elementor-element-0fb7fe5 elementor-section-boxed elementor-section-height-default elementor-section-height-default\" data-id=\"0fb7fe5\" data-element_type=\"section\">\n\t\t\t\t\t\t<div class=\"elementor-container elementor-column-gap-default\">\n\t\t\t\t\t<div class=\"elementor-column elementor-col-100 elementor-top-column elementor-element elementor-element-fae7173\" data-id=\"fae7173\" data-element_type=\"column\">\n\t\t\t<div class=\"elementor-widget-wrap elementor-element-populated\">\n\t\t\t\t\t\t<div class=\"elementor-element elementor-element-fdecd7c elementor-widget elementor-widget-video\" data-id=\"fdecd7c\" data-element_type=\"widget\" data-settings=\"{&quot;youtube_url&quot;:&quot;https:\\\/\\\/youtu.be\\\/gzjCSQfFmDY&quot;,&quot;video_type&quot;:&quot;youtube&quot;,&quot;controls&quot;:&quot;yes&quot;}\" data-widget_type=\"video.default\">\n\t\t\t\t<div class=\"elementor-widget-container\">\n\t\t\t\t\t\t\t<div class=\"elementor-wrapper elementor-open-inline\">\n\t\t\t<div class=\"elementor-video\"><\/div>\t\t<\/div>\n\t\t\t\t\t\t<\/div>\n\t\t\t\t<\/div>\n\t\t\t\t\t<\/div>\n\t\t<\/div>\n\t\t\t\t\t<\/div>\n\t\t<\/section>\n\t\t\t\t<\/div>\n\t\t","protected":false},"excerpt":{"rendered":"<p>VIAJES ANTROPOL\u00d3GICOS Somos especialistas en viajes de car\u00e1cter \u00e9tnico y antropol\u00f3gico, una inmersi\u00f3n en culturas ancestrales cuyas costumbres nos parecen muy lejanas. Un contacto con comunidades locales con el prop\u00f3sito de conocer su forma de vida sin ser invasivos e interactuando con poblaciones que a\u00fan mantienen muy vivas sus tradiciones. De la mano de antrop\u00f3logos [&#8230;]\n","protected":false},"author":9,"featured_media":0,"parent":0,"menu_order":0,"comment_status":"closed","ping_status":"closed","template":"elementor_header_footer","meta":{"footnotes":""},"class_list":["post-8580","page","type-page","status-publish","hentry"],"acf":[],"_links":{"self":[{"href":"https:\/\/x-ploregroup.com\/travelsandexpeditions\/wp-json\/wp\/v2\/pages\/8580","targetHints":{"allow":["GET"]}}],"collection":[{"href":"https:\/\/x-ploregroup.com\/travelsandexpeditions\/wp-json\/wp\/v2\/pages"}],"about":[{"href":"https:\/\/x-ploregroup.com\/travelsandexpeditions\/wp-json\/wp\/v2\/types\/page"}],"author":[{"embeddable":true,"href":"https:\/\/x-ploregroup.com\/travelsandexpeditions\/wp-json\/wp\/v2\/users\/9"}],"replies":[{"embeddable":true,"href":"https:\/\/x-ploregroup.com\/travelsandexpeditions\/wp-json\/wp\/v2\/comments?post=8580"}],"version-history":[{"count":13,"href":"https:\/\/x-ploregroup.com\/travelsandexpeditions\/wp-json\/wp\/v2\/pages\/8580\/revisions"}],"predecessor-version":[{"id":8730,"href":"https:\/\/x-ploregroup.com\/travelsandexpeditions\/wp-json\/wp\/v2\/pages\/8580\/revisions\/8730"}],"wp:attachment":[{"href":"https:\/\/x-ploregroup.com\/travelsandexpeditions\/wp-json\/wp\/v2\/media?parent=8580"}],"curies":[{"name":"wp","href":"https:\/\/api.w.org\/{rel}","templated":true}]}}