{"id":7348,"date":"2025-06-23T16:31:20","date_gmt":"2025-06-23T16:31:20","guid":{"rendered":"https:\/\/x-ploregroup.com\/travelsandexpeditions\/?post_type=product&#038;p=7348"},"modified":"2025-06-23T16:49:21","modified_gmt":"2025-06-23T16:49:21","slug":"nueva-zelanda-en-autocaravana","status":"publish","type":"product","link":"https:\/\/x-ploregroup.com\/travelsandexpeditions\/producto\/nueva-zelanda-en-autocaravana\/","title":{"rendered":"NUEVA ZELANDA EN AUTOCARAVANA"},"content":{"rendered":"\t\t<div data-elementor-type=\"wp-post\" data-elementor-id=\"7348\" class=\"elementor elementor-7348\">\n\t\t\t\t\t\t<section class=\"elementor-section elementor-top-section elementor-element elementor-element-ec12419 elementor-section-boxed elementor-section-height-default elementor-section-height-default\" data-id=\"ec12419\" data-element_type=\"section\">\n\t\t\t\t\t\t<div class=\"elementor-container elementor-column-gap-default\">\n\t\t\t\t\t<div class=\"elementor-column elementor-col-100 elementor-top-column elementor-element elementor-element-9ab89f1\" data-id=\"9ab89f1\" data-element_type=\"column\">\n\t\t\t<div class=\"elementor-widget-wrap elementor-element-populated\">\n\t\t\t\t\t\t<div class=\"elementor-element elementor-element-f3d2869 elementor-widget elementor-widget-heading\" data-id=\"f3d2869\" data-element_type=\"widget\" data-widget_type=\"heading.default\">\n\t\t\t\t<div class=\"elementor-widget-container\">\n\t\t\t\t\t<h3 class=\"elementor-heading-title elementor-size-default\">NUEVA ZELANDA - LA RUTA AOTEAROA EN AUTOCARAVANA<\/h3>\t\t\t\t<\/div>\n\t\t\t\t<\/div>\n\t\t\t\t\t<\/div>\n\t\t<\/div>\n\t\t\t\t\t<\/div>\n\t\t<\/section>\n\t\t\t\t<section class=\"elementor-section elementor-top-section elementor-element elementor-element-a51d182 elementor-section-boxed elementor-section-height-default elementor-section-height-default\" data-id=\"a51d182\" data-element_type=\"section\">\n\t\t\t\t\t\t<div class=\"elementor-container elementor-column-gap-default\">\n\t\t\t\t\t<div class=\"elementor-column elementor-col-100 elementor-top-column elementor-element elementor-element-c41c432\" data-id=\"c41c432\" data-element_type=\"column\">\n\t\t\t<div class=\"elementor-widget-wrap elementor-element-populated\">\n\t\t\t\t\t\t<div class=\"elementor-element elementor-element-cb76576 elementor-widget elementor-widget-text-editor\" data-id=\"cb76576\" data-element_type=\"widget\" data-widget_type=\"text-editor.default\">\n\t\t\t\t<div class=\"elementor-widget-container\">\n\t\t\t\t\t\t\t\t\t<p><span style=\"color: #000000;\"><strong>Nueva Zelanda, con su asombrosa diversidad natural y sus paisajes de ensue\u00f1o, es un destino que todo viajero anhela explorar alg\u00fan d\u00eda. En esta tierra de maravillas, las monta\u00f1as majestuosas se sumergen en aguas cristalinas, las playas de arena dorada se extienden hasta donde alcanza la vista y los valles verdes se entrelazan con bosques h\u00famedos, glaciares y g\u00e9iseres en ebullici\u00f3n. \u00bfY cu\u00e1l es la mejor manera de sumergirse en la belleza de Nueva Zelanda y experimentar su esp\u00edritu aventurero al m\u00e1ximo? Creemos que a trav\u00e9s de un apasionante Road Trip en autocaravana por el escenario natural y real que aparece en la m\u00edtica saga \u201cEl Se\u00f1or de los Anillos\u201d.<\/strong><\/span><\/p><p><span style=\"color: #000000;\"><strong>Imagina recorrer carreteras serpenteantes que te lleven desde vibrantes ciudades hasta rincones remotos donde la naturaleza volc\u00e1nica y visceral es la protagonista. Cada curva del camino revela una nueva sorpresa, una vista panor\u00e1mica que te quitar\u00e1 el aliento y una experiencia que te recordar\u00e1 por qu\u00e9 amas viajar.<\/strong><\/span><\/p><p><span style=\"color: #000000;\"><strong>Te invitamos a embarcarte en una emocionante aventura por Nueva Zelanda con la flexibilidad que da el viajar en autocaravana, donde cada d\u00eda es una nueva oportunidad para descubrir con asombro las maravillas de este pa\u00eds. D\u00e9jate asesorar por nosotros como especialistas en crear viajes a Nueva Zelanda, nos encargamos de dise\u00f1ar tu ruta y gestionar los servicios en uno de los destinos de naturaleza m\u00e1s impresionantes del planeta.<\/strong><\/span><\/p>\t\t\t\t\t\t\t\t<\/div>\n\t\t\t\t<\/div>\n\t\t\t\t\t<\/div>\n\t\t<\/div>\n\t\t\t\t\t<\/div>\n\t\t<\/section>\n\t\t\t\t<section class=\"elementor-section elementor-top-section elementor-element elementor-element-e09d162 elementor-section-boxed elementor-section-height-default elementor-section-height-default\" data-id=\"e09d162\" data-element_type=\"section\">\n\t\t\t\t\t\t<div class=\"elementor-container elementor-column-gap-default\">\n\t\t\t\t\t<div class=\"elementor-column elementor-col-100 elementor-top-column elementor-element elementor-element-6aff5a8\" data-id=\"6aff5a8\" data-element_type=\"column\">\n\t\t\t<div class=\"elementor-widget-wrap elementor-element-populated\">\n\t\t\t\t\t\t<div class=\"elementor-element elementor-element-38c9cb9 elementor-widget elementor-widget-image-gallery\" data-id=\"38c9cb9\" data-element_type=\"widget\" data-widget_type=\"image-gallery.default\">\n\t\t\t\t<div class=\"elementor-widget-container\">\n\t\t\t\t\t\t\t<div class=\"elementor-image-gallery\">\n\t\t\t<div id='gallery-1' class='gallery galleryid-7348 gallery-columns-3 gallery-size-full'><figure class='gallery-item'>\n\t\t\t<div class='gallery-icon landscape'>\n\t\t\t\t<a data-elementor-open-lightbox=\"yes\" data-elementor-lightbox-slideshow=\"38c9cb9\" data-elementor-lightbox-title=\"NEW ZEALAND (1 de 1)-4\" data-e-action-hash=\"#elementor-action%3Aaction%3Dlightbox%26settings%3DeyJpZCI6NzM1MiwidXJsIjoiaHR0cHM6XC9cL3gtcGxvcmVncm91cC5jb21cL3RyYXZlbHNhbmRleHBlZGl0aW9uc1wvd3AtY29udGVudFwvdXBsb2Fkc1wvMjAyNVwvMDZcL05FVy1aRUFMQU5ELTEtZGUtMS00LmpwZyIsInNsaWRlc2hvdyI6IjM4YzljYjkifQ%3D%3D\" href='https:\/\/x-ploregroup.com\/travelsandexpeditions\/wp-content\/uploads\/2025\/06\/NEW-ZEALAND-1-de-1-4.jpg'><img fetchpriority=\"high\" decoding=\"async\" width=\"1877\" height=\"1410\" src=\"https:\/\/x-ploregroup.com\/travelsandexpeditions\/wp-content\/uploads\/2025\/06\/NEW-ZEALAND-1-de-1-4.jpg\" class=\"attachment-full size-full\" alt=\"\" aria-describedby=\"gallery-1-7352\" srcset=\"https:\/\/x-ploregroup.com\/travelsandexpeditions\/wp-content\/uploads\/2025\/06\/NEW-ZEALAND-1-de-1-4.jpg 1877w, https:\/\/x-ploregroup.com\/travelsandexpeditions\/wp-content\/uploads\/2025\/06\/NEW-ZEALAND-1-de-1-4-532x400.jpg 532w, https:\/\/x-ploregroup.com\/travelsandexpeditions\/wp-content\/uploads\/2025\/06\/NEW-ZEALAND-1-de-1-4-519x390.jpg 519w, https:\/\/x-ploregroup.com\/travelsandexpeditions\/wp-content\/uploads\/2025\/06\/NEW-ZEALAND-1-de-1-4-768x577.jpg 768w, https:\/\/x-ploregroup.com\/travelsandexpeditions\/wp-content\/uploads\/2025\/06\/NEW-ZEALAND-1-de-1-4-1536x1154.jpg 1536w, https:\/\/x-ploregroup.com\/travelsandexpeditions\/wp-content\/uploads\/2025\/06\/NEW-ZEALAND-1-de-1-4-332x249.jpg 332w\" sizes=\"(max-width: 1877px) 100vw, 1877px\" \/><\/a>\n\t\t\t<\/div>\n\t\t\t\t<figcaption class='wp-caption-text gallery-caption' id='gallery-1-7352'>\n\t\t\t\tTaranaki \n\t\t\t\t<\/figcaption><\/figure><figure class='gallery-item'>\n\t\t\t<div class='gallery-icon landscape'>\n\t\t\t\t<a data-elementor-open-lightbox=\"yes\" data-elementor-lightbox-slideshow=\"38c9cb9\" data-elementor-lightbox-title=\"NEW ZEALAND (1 de 1)-22\" data-e-action-hash=\"#elementor-action%3Aaction%3Dlightbox%26settings%3DeyJpZCI6NzM1NSwidXJsIjoiaHR0cHM6XC9cL3gtcGxvcmVncm91cC5jb21cL3RyYXZlbHNhbmRleHBlZGl0aW9uc1wvd3AtY29udGVudFwvdXBsb2Fkc1wvMjAyNVwvMDZcL05FVy1aRUFMQU5ELTEtZGUtMS0yMi1zY2FsZWQuanBnIiwic2xpZGVzaG93IjoiMzhjOWNiOSJ9\" href='https:\/\/x-ploregroup.com\/travelsandexpeditions\/wp-content\/uploads\/2025\/06\/NEW-ZEALAND-1-de-1-22-scaled.jpg'><img decoding=\"async\" width=\"2560\" height=\"1785\" src=\"https:\/\/x-ploregroup.com\/travelsandexpeditions\/wp-content\/uploads\/2025\/06\/NEW-ZEALAND-1-de-1-22-scaled.jpg\" class=\"attachment-full size-full\" alt=\"\" aria-describedby=\"gallery-1-7355\" srcset=\"https:\/\/x-ploregroup.com\/travelsandexpeditions\/wp-content\/uploads\/2025\/06\/NEW-ZEALAND-1-de-1-22-scaled.jpg 2560w, https:\/\/x-ploregroup.com\/travelsandexpeditions\/wp-content\/uploads\/2025\/06\/NEW-ZEALAND-1-de-1-22-574x400.jpg 574w, https:\/\/x-ploregroup.com\/travelsandexpeditions\/wp-content\/uploads\/2025\/06\/NEW-ZEALAND-1-de-1-22-559x390.jpg 559w, https:\/\/x-ploregroup.com\/travelsandexpeditions\/wp-content\/uploads\/2025\/06\/NEW-ZEALAND-1-de-1-22-768x535.jpg 768w, https:\/\/x-ploregroup.com\/travelsandexpeditions\/wp-content\/uploads\/2025\/06\/NEW-ZEALAND-1-de-1-22-1536x1071.jpg 1536w, https:\/\/x-ploregroup.com\/travelsandexpeditions\/wp-content\/uploads\/2025\/06\/NEW-ZEALAND-1-de-1-22-2048x1428.jpg 2048w, https:\/\/x-ploregroup.com\/travelsandexpeditions\/wp-content\/uploads\/2025\/06\/NEW-ZEALAND-1-de-1-22-332x231.jpg 332w\" sizes=\"(max-width: 2560px) 100vw, 2560px\" \/><\/a>\n\t\t\t<\/div>\n\t\t\t\t<figcaption class='wp-caption-text gallery-caption' id='gallery-1-7355'>\n\t\t\t\tMount Cook\n\t\t\t\t<\/figcaption><\/figure><figure class='gallery-item'>\n\t\t\t<div class='gallery-icon landscape'>\n\t\t\t\t<a data-elementor-open-lightbox=\"yes\" data-elementor-lightbox-slideshow=\"38c9cb9\" data-elementor-lightbox-title=\"NEW ZEALAND (1 de 1)-19\" data-e-action-hash=\"#elementor-action%3Aaction%3Dlightbox%26settings%3DeyJpZCI6NzM1NCwidXJsIjoiaHR0cHM6XC9cL3gtcGxvcmVncm91cC5jb21cL3RyYXZlbHNhbmRleHBlZGl0aW9uc1wvd3AtY29udGVudFwvdXBsb2Fkc1wvMjAyNVwvMDZcL05FVy1aRUFMQU5ELTEtZGUtMS0xOS1zY2FsZWQuanBnIiwic2xpZGVzaG93IjoiMzhjOWNiOSJ9\" href='https:\/\/x-ploregroup.com\/travelsandexpeditions\/wp-content\/uploads\/2025\/06\/NEW-ZEALAND-1-de-1-19-scaled.jpg'><img decoding=\"async\" width=\"2560\" height=\"1622\" src=\"https:\/\/x-ploregroup.com\/travelsandexpeditions\/wp-content\/uploads\/2025\/06\/NEW-ZEALAND-1-de-1-19-scaled.jpg\" class=\"attachment-full size-full\" alt=\"\" aria-describedby=\"gallery-1-7354\" srcset=\"https:\/\/x-ploregroup.com\/travelsandexpeditions\/wp-content\/uploads\/2025\/06\/NEW-ZEALAND-1-de-1-19-scaled.jpg 2560w, https:\/\/x-ploregroup.com\/travelsandexpeditions\/wp-content\/uploads\/2025\/06\/NEW-ZEALAND-1-de-1-19-631x400.jpg 631w, https:\/\/x-ploregroup.com\/travelsandexpeditions\/wp-content\/uploads\/2025\/06\/NEW-ZEALAND-1-de-1-19-615x390.jpg 615w, https:\/\/x-ploregroup.com\/travelsandexpeditions\/wp-content\/uploads\/2025\/06\/NEW-ZEALAND-1-de-1-19-768x487.jpg 768w, https:\/\/x-ploregroup.com\/travelsandexpeditions\/wp-content\/uploads\/2025\/06\/NEW-ZEALAND-1-de-1-19-1536x973.jpg 1536w, https:\/\/x-ploregroup.com\/travelsandexpeditions\/wp-content\/uploads\/2025\/06\/NEW-ZEALAND-1-de-1-19-2048x1298.jpg 2048w, https:\/\/x-ploregroup.com\/travelsandexpeditions\/wp-content\/uploads\/2025\/06\/NEW-ZEALAND-1-de-1-19-332x210.jpg 332w\" sizes=\"(max-width: 2560px) 100vw, 2560px\" \/><\/a>\n\t\t\t<\/div>\n\t\t\t\t<figcaption class='wp-caption-text gallery-caption' id='gallery-1-7354'>\n\t\t\t\tTaranaki\n\t\t\t\t<\/figcaption><\/figure><figure class='gallery-item'>\n\t\t\t<div class='gallery-icon landscape'>\n\t\t\t\t<a data-elementor-open-lightbox=\"yes\" data-elementor-lightbox-slideshow=\"38c9cb9\" data-elementor-lightbox-title=\"NEW ZEALAND (1 de 1)-49\" data-e-action-hash=\"#elementor-action%3Aaction%3Dlightbox%26settings%3DeyJpZCI6NzM2MCwidXJsIjoiaHR0cHM6XC9cL3gtcGxvcmVncm91cC5jb21cL3RyYXZlbHNhbmRleHBlZGl0aW9uc1wvd3AtY29udGVudFwvdXBsb2Fkc1wvMjAyNVwvMDZcL05FVy1aRUFMQU5ELTEtZGUtMS00OS1zY2FsZWQuanBnIiwic2xpZGVzaG93IjoiMzhjOWNiOSJ9\" href='https:\/\/x-ploregroup.com\/travelsandexpeditions\/wp-content\/uploads\/2025\/06\/NEW-ZEALAND-1-de-1-49-scaled.jpg'><img loading=\"lazy\" decoding=\"async\" width=\"2560\" height=\"1783\" src=\"https:\/\/x-ploregroup.com\/travelsandexpeditions\/wp-content\/uploads\/2025\/06\/NEW-ZEALAND-1-de-1-49-scaled.jpg\" class=\"attachment-full size-full\" alt=\"\" aria-describedby=\"gallery-1-7360\" srcset=\"https:\/\/x-ploregroup.com\/travelsandexpeditions\/wp-content\/uploads\/2025\/06\/NEW-ZEALAND-1-de-1-49-scaled.jpg 2560w, https:\/\/x-ploregroup.com\/travelsandexpeditions\/wp-content\/uploads\/2025\/06\/NEW-ZEALAND-1-de-1-49-574x400.jpg 574w, https:\/\/x-ploregroup.com\/travelsandexpeditions\/wp-content\/uploads\/2025\/06\/NEW-ZEALAND-1-de-1-49-560x390.jpg 560w, https:\/\/x-ploregroup.com\/travelsandexpeditions\/wp-content\/uploads\/2025\/06\/NEW-ZEALAND-1-de-1-49-768x535.jpg 768w, https:\/\/x-ploregroup.com\/travelsandexpeditions\/wp-content\/uploads\/2025\/06\/NEW-ZEALAND-1-de-1-49-1536x1070.jpg 1536w, https:\/\/x-ploregroup.com\/travelsandexpeditions\/wp-content\/uploads\/2025\/06\/NEW-ZEALAND-1-de-1-49-2048x1426.jpg 2048w, https:\/\/x-ploregroup.com\/travelsandexpeditions\/wp-content\/uploads\/2025\/06\/NEW-ZEALAND-1-de-1-49-332x231.jpg 332w\" sizes=\"(max-width: 2560px) 100vw, 2560px\" \/><\/a>\n\t\t\t<\/div>\n\t\t\t\t<figcaption class='wp-caption-text gallery-caption' id='gallery-1-7360'>\n\t\t\t\tPing\u00fcino de Fiordland\n\t\t\t\t<\/figcaption><\/figure><figure class='gallery-item'>\n\t\t\t<div class='gallery-icon landscape'>\n\t\t\t\t<a data-elementor-open-lightbox=\"yes\" data-elementor-lightbox-slideshow=\"38c9cb9\" data-elementor-lightbox-title=\"NEW ZEALAND (1 de 1)-29\" data-e-action-hash=\"#elementor-action%3Aaction%3Dlightbox%26settings%3DeyJpZCI6NzM1OCwidXJsIjoiaHR0cHM6XC9cL3gtcGxvcmVncm91cC5jb21cL3RyYXZlbHNhbmRleHBlZGl0aW9uc1wvd3AtY29udGVudFwvdXBsb2Fkc1wvMjAyNVwvMDZcL05FVy1aRUFMQU5ELTEtZGUtMS0yOS1zY2FsZWQuanBnIiwic2xpZGVzaG93IjoiMzhjOWNiOSJ9\" href='https:\/\/x-ploregroup.com\/travelsandexpeditions\/wp-content\/uploads\/2025\/06\/NEW-ZEALAND-1-de-1-29-scaled.jpg'><img loading=\"lazy\" decoding=\"async\" width=\"2560\" height=\"1783\" src=\"https:\/\/x-ploregroup.com\/travelsandexpeditions\/wp-content\/uploads\/2025\/06\/NEW-ZEALAND-1-de-1-29-scaled.jpg\" class=\"attachment-full size-full\" alt=\"\" aria-describedby=\"gallery-1-7358\" srcset=\"https:\/\/x-ploregroup.com\/travelsandexpeditions\/wp-content\/uploads\/2025\/06\/NEW-ZEALAND-1-de-1-29-scaled.jpg 2560w, https:\/\/x-ploregroup.com\/travelsandexpeditions\/wp-content\/uploads\/2025\/06\/NEW-ZEALAND-1-de-1-29-574x400.jpg 574w, https:\/\/x-ploregroup.com\/travelsandexpeditions\/wp-content\/uploads\/2025\/06\/NEW-ZEALAND-1-de-1-29-560x390.jpg 560w, https:\/\/x-ploregroup.com\/travelsandexpeditions\/wp-content\/uploads\/2025\/06\/NEW-ZEALAND-1-de-1-29-768x535.jpg 768w, https:\/\/x-ploregroup.com\/travelsandexpeditions\/wp-content\/uploads\/2025\/06\/NEW-ZEALAND-1-de-1-29-1536x1070.jpg 1536w, https:\/\/x-ploregroup.com\/travelsandexpeditions\/wp-content\/uploads\/2025\/06\/NEW-ZEALAND-1-de-1-29-2048x1426.jpg 2048w, https:\/\/x-ploregroup.com\/travelsandexpeditions\/wp-content\/uploads\/2025\/06\/NEW-ZEALAND-1-de-1-29-332x231.jpg 332w\" sizes=\"(max-width: 2560px) 100vw, 2560px\" \/><\/a>\n\t\t\t<\/div>\n\t\t\t\t<figcaption class='wp-caption-text gallery-caption' id='gallery-1-7358'>\n\t\t\t\tAurora Austral y V\u00eda L\u00e1ctea\n\t\t\t\t<\/figcaption><\/figure><figure class='gallery-item'>\n\t\t\t<div class='gallery-icon landscape'>\n\t\t\t\t<a data-elementor-open-lightbox=\"yes\" data-elementor-lightbox-slideshow=\"38c9cb9\" data-elementor-lightbox-title=\"NEW ZEALAND (1 de 1)-27\" data-e-action-hash=\"#elementor-action%3Aaction%3Dlightbox%26settings%3DeyJpZCI6NzM1NywidXJsIjoiaHR0cHM6XC9cL3gtcGxvcmVncm91cC5jb21cL3RyYXZlbHNhbmRleHBlZGl0aW9uc1wvd3AtY29udGVudFwvdXBsb2Fkc1wvMjAyNVwvMDZcL05FVy1aRUFMQU5ELTEtZGUtMS0yNy1zY2FsZWQuanBnIiwic2xpZGVzaG93IjoiMzhjOWNiOSJ9\" href='https:\/\/x-ploregroup.com\/travelsandexpeditions\/wp-content\/uploads\/2025\/06\/NEW-ZEALAND-1-de-1-27-scaled.jpg'><img loading=\"lazy\" decoding=\"async\" width=\"2560\" height=\"1728\" src=\"https:\/\/x-ploregroup.com\/travelsandexpeditions\/wp-content\/uploads\/2025\/06\/NEW-ZEALAND-1-de-1-27-scaled.jpg\" class=\"attachment-full size-full\" alt=\"\" aria-describedby=\"gallery-1-7357\" srcset=\"https:\/\/x-ploregroup.com\/travelsandexpeditions\/wp-content\/uploads\/2025\/06\/NEW-ZEALAND-1-de-1-27-scaled.jpg 2560w, https:\/\/x-ploregroup.com\/travelsandexpeditions\/wp-content\/uploads\/2025\/06\/NEW-ZEALAND-1-de-1-27-593x400.jpg 593w, https:\/\/x-ploregroup.com\/travelsandexpeditions\/wp-content\/uploads\/2025\/06\/NEW-ZEALAND-1-de-1-27-578x390.jpg 578w, https:\/\/x-ploregroup.com\/travelsandexpeditions\/wp-content\/uploads\/2025\/06\/NEW-ZEALAND-1-de-1-27-768x518.jpg 768w, https:\/\/x-ploregroup.com\/travelsandexpeditions\/wp-content\/uploads\/2025\/06\/NEW-ZEALAND-1-de-1-27-1536x1037.jpg 1536w, https:\/\/x-ploregroup.com\/travelsandexpeditions\/wp-content\/uploads\/2025\/06\/NEW-ZEALAND-1-de-1-27-2048x1382.jpg 2048w, https:\/\/x-ploregroup.com\/travelsandexpeditions\/wp-content\/uploads\/2025\/06\/NEW-ZEALAND-1-de-1-27-332x224.jpg 332w\" sizes=\"(max-width: 2560px) 100vw, 2560px\" \/><\/a>\n\t\t\t<\/div>\n\t\t\t\t<figcaption class='wp-caption-text gallery-caption' id='gallery-1-7357'>\n\t\t\t\tMount Cook\n\t\t\t\t<\/figcaption><\/figure><figure class='gallery-item'>\n\t\t\t<div class='gallery-icon landscape'>\n\t\t\t\t<a data-elementor-open-lightbox=\"yes\" data-elementor-lightbox-slideshow=\"38c9cb9\" data-elementor-lightbox-title=\"NEW ZEALAND (1 de 1)-37\" data-e-action-hash=\"#elementor-action%3Aaction%3Dlightbox%26settings%3DeyJpZCI6NzM1OSwidXJsIjoiaHR0cHM6XC9cL3gtcGxvcmVncm91cC5jb21cL3RyYXZlbHNhbmRleHBlZGl0aW9uc1wvd3AtY29udGVudFwvdXBsb2Fkc1wvMjAyNVwvMDZcL05FVy1aRUFMQU5ELTEtZGUtMS0zNy1zY2FsZWQuanBnIiwic2xpZGVzaG93IjoiMzhjOWNiOSJ9\" href='https:\/\/x-ploregroup.com\/travelsandexpeditions\/wp-content\/uploads\/2025\/06\/NEW-ZEALAND-1-de-1-37-scaled.jpg'><img loading=\"lazy\" decoding=\"async\" width=\"2560\" height=\"1799\" src=\"https:\/\/x-ploregroup.com\/travelsandexpeditions\/wp-content\/uploads\/2025\/06\/NEW-ZEALAND-1-de-1-37-scaled.jpg\" class=\"attachment-full size-full\" alt=\"\" aria-describedby=\"gallery-1-7359\" srcset=\"https:\/\/x-ploregroup.com\/travelsandexpeditions\/wp-content\/uploads\/2025\/06\/NEW-ZEALAND-1-de-1-37-scaled.jpg 2560w, https:\/\/x-ploregroup.com\/travelsandexpeditions\/wp-content\/uploads\/2025\/06\/NEW-ZEALAND-1-de-1-37-569x400.jpg 569w, https:\/\/x-ploregroup.com\/travelsandexpeditions\/wp-content\/uploads\/2025\/06\/NEW-ZEALAND-1-de-1-37-555x390.jpg 555w, https:\/\/x-ploregroup.com\/travelsandexpeditions\/wp-content\/uploads\/2025\/06\/NEW-ZEALAND-1-de-1-37-768x540.jpg 768w, https:\/\/x-ploregroup.com\/travelsandexpeditions\/wp-content\/uploads\/2025\/06\/NEW-ZEALAND-1-de-1-37-1536x1080.jpg 1536w, https:\/\/x-ploregroup.com\/travelsandexpeditions\/wp-content\/uploads\/2025\/06\/NEW-ZEALAND-1-de-1-37-2048x1440.jpg 2048w, https:\/\/x-ploregroup.com\/travelsandexpeditions\/wp-content\/uploads\/2025\/06\/NEW-ZEALAND-1-de-1-37-332x233.jpg 332w\" sizes=\"(max-width: 2560px) 100vw, 2560px\" \/><\/a>\n\t\t\t<\/div>\n\t\t\t\t<figcaption class='wp-caption-text gallery-caption' id='gallery-1-7359'>\n\t\t\t\tKeas, loros de monta\u00f1a\n\t\t\t\t<\/figcaption><\/figure><figure class='gallery-item'>\n\t\t\t<div class='gallery-icon landscape'>\n\t\t\t\t<a data-elementor-open-lightbox=\"yes\" data-elementor-lightbox-slideshow=\"38c9cb9\" data-elementor-lightbox-title=\"NEW ZEALAND (1 de 1)-26\" data-e-action-hash=\"#elementor-action%3Aaction%3Dlightbox%26settings%3DeyJpZCI6NzM1NiwidXJsIjoiaHR0cHM6XC9cL3gtcGxvcmVncm91cC5jb21cL3RyYXZlbHNhbmRleHBlZGl0aW9uc1wvd3AtY29udGVudFwvdXBsb2Fkc1wvMjAyNVwvMDZcL05FVy1aRUFMQU5ELTEtZGUtMS0yNi1zY2FsZWQuanBnIiwic2xpZGVzaG93IjoiMzhjOWNiOSJ9\" href='https:\/\/x-ploregroup.com\/travelsandexpeditions\/wp-content\/uploads\/2025\/06\/NEW-ZEALAND-1-de-1-26-scaled.jpg'><img loading=\"lazy\" decoding=\"async\" width=\"2560\" height=\"1710\" src=\"https:\/\/x-ploregroup.com\/travelsandexpeditions\/wp-content\/uploads\/2025\/06\/NEW-ZEALAND-1-de-1-26-scaled.jpg\" class=\"attachment-full size-full\" alt=\"\" aria-describedby=\"gallery-1-7356\" srcset=\"https:\/\/x-ploregroup.com\/travelsandexpeditions\/wp-content\/uploads\/2025\/06\/NEW-ZEALAND-1-de-1-26-scaled.jpg 2560w, https:\/\/x-ploregroup.com\/travelsandexpeditions\/wp-content\/uploads\/2025\/06\/NEW-ZEALAND-1-de-1-26-599x400.jpg 599w, https:\/\/x-ploregroup.com\/travelsandexpeditions\/wp-content\/uploads\/2025\/06\/NEW-ZEALAND-1-de-1-26-584x390.jpg 584w, https:\/\/x-ploregroup.com\/travelsandexpeditions\/wp-content\/uploads\/2025\/06\/NEW-ZEALAND-1-de-1-26-768x513.jpg 768w, https:\/\/x-ploregroup.com\/travelsandexpeditions\/wp-content\/uploads\/2025\/06\/NEW-ZEALAND-1-de-1-26-1536x1026.jpg 1536w, https:\/\/x-ploregroup.com\/travelsandexpeditions\/wp-content\/uploads\/2025\/06\/NEW-ZEALAND-1-de-1-26-2048x1368.jpg 2048w, https:\/\/x-ploregroup.com\/travelsandexpeditions\/wp-content\/uploads\/2025\/06\/NEW-ZEALAND-1-de-1-26-220x147.jpg 220w, https:\/\/x-ploregroup.com\/travelsandexpeditions\/wp-content\/uploads\/2025\/06\/NEW-ZEALAND-1-de-1-26-332x222.jpg 332w\" sizes=\"(max-width: 2560px) 100vw, 2560px\" \/><\/a>\n\t\t\t<\/div>\n\t\t\t\t<figcaption class='wp-caption-text gallery-caption' id='gallery-1-7356'>\n\t\t\t\tMount Cook\n\t\t\t\t<\/figcaption><\/figure><figure class='gallery-item'>\n\t\t\t<div class='gallery-icon landscape'>\n\t\t\t\t<a data-elementor-open-lightbox=\"yes\" data-elementor-lightbox-slideshow=\"38c9cb9\" data-elementor-lightbox-title=\"NEW ZEALAND (1 de 1)-11\" data-e-action-hash=\"#elementor-action%3Aaction%3Dlightbox%26settings%3DeyJpZCI6NzM1MywidXJsIjoiaHR0cHM6XC9cL3gtcGxvcmVncm91cC5jb21cL3RyYXZlbHNhbmRleHBlZGl0aW9uc1wvd3AtY29udGVudFwvdXBsb2Fkc1wvMjAyNVwvMDZcL05FVy1aRUFMQU5ELTEtZGUtMS0xMS1zY2FsZWQuanBnIiwic2xpZGVzaG93IjoiMzhjOWNiOSJ9\" href='https:\/\/x-ploregroup.com\/travelsandexpeditions\/wp-content\/uploads\/2025\/06\/NEW-ZEALAND-1-de-1-11-scaled.jpg'><img loading=\"lazy\" decoding=\"async\" width=\"2560\" height=\"1681\" src=\"https:\/\/x-ploregroup.com\/travelsandexpeditions\/wp-content\/uploads\/2025\/06\/NEW-ZEALAND-1-de-1-11-scaled.jpg\" class=\"attachment-full size-full\" alt=\"\" aria-describedby=\"gallery-1-7353\" srcset=\"https:\/\/x-ploregroup.com\/travelsandexpeditions\/wp-content\/uploads\/2025\/06\/NEW-ZEALAND-1-de-1-11-scaled.jpg 2560w, https:\/\/x-ploregroup.com\/travelsandexpeditions\/wp-content\/uploads\/2025\/06\/NEW-ZEALAND-1-de-1-11-609x400.jpg 609w, https:\/\/x-ploregroup.com\/travelsandexpeditions\/wp-content\/uploads\/2025\/06\/NEW-ZEALAND-1-de-1-11-594x390.jpg 594w, https:\/\/x-ploregroup.com\/travelsandexpeditions\/wp-content\/uploads\/2025\/06\/NEW-ZEALAND-1-de-1-11-768x504.jpg 768w, https:\/\/x-ploregroup.com\/travelsandexpeditions\/wp-content\/uploads\/2025\/06\/NEW-ZEALAND-1-de-1-11-1536x1009.jpg 1536w, https:\/\/x-ploregroup.com\/travelsandexpeditions\/wp-content\/uploads\/2025\/06\/NEW-ZEALAND-1-de-1-11-2048x1345.jpg 2048w, https:\/\/x-ploregroup.com\/travelsandexpeditions\/wp-content\/uploads\/2025\/06\/NEW-ZEALAND-1-de-1-11-332x218.jpg 332w\" sizes=\"(max-width: 2560px) 100vw, 2560px\" \/><\/a>\n\t\t\t<\/div>\n\t\t\t\t<figcaption class='wp-caption-text gallery-caption' id='gallery-1-7353'>\n\t\t\t\tVolc\u00e1n Taranaki desde el Lago Mangamahoe\n\t\t\t\t<\/figcaption><\/figure>\n\t\t<\/div>\n\t\t<\/div>\n\t\t\t\t\t\t<\/div>\n\t\t\t\t<\/div>\n\t\t\t\t\t<\/div>\n\t\t<\/div>\n\t\t\t\t\t<\/div>\n\t\t<\/section>\n\t\t\t\t<\/div>\n\t\t","protected":false},"excerpt":{"rendered":"<p>Programa multiactividad de diecis\u00e9is d\u00edas (m\u00e1s dos d\u00edas de viaje) que<br \/>\ndesarrollaremos en un territorio cuyo s\u00f3lo nombre evoca aventura, Yuk\u00f3n.<br \/>\nUn territorio perteneciente a Canad\u00e1 al que da nombre el imponente r\u00edo que lo<br \/>\natraviesa. Una zona espectacular de aut\u00e9ntico ambiente y paisaje salvaje.<br \/>\nDescenderemos en canoa canadiense (canoa doble y triple) una secci\u00f3n de este<br \/>\nic\u00f3nico r\u00edo hasta la famosa localidad de Dawson City, capital de la fiebre del oro en<br \/>\nel Klondike durante el comienzo del siglo XIX y donde actualmente sigue habiendo<br \/>\nextracci\u00f3n de este preciado metal, aunque se han sustituido las panelas y la<br \/>\npaciencia por grandes y pesadas m\u00e1quinas que mueven toneladas de terreno<br \/>\ncada d\u00eda.<br \/>\nDedicaremos el d\u00eda de llegada y el posterior a familiarizarnos con nuestro \u201cnuevo<br \/>\nhorario\u201d aceptando el gran jet lag que arrastramos mientras hacemos las gestiones<br \/>\ny los preparativos previos a nuestro descenso.<br \/>\nVer las diferentes canoas que utilizaremos, c\u00f3mo cargarlas de forma adecuada y<br \/>\nel diferente equipo y materiales espec\u00edficos que utilizaremos.<br \/>\nNo olvidaremos un importante factor en este tipo de territorios y viajes, la vida<br \/>\nsalvaje, algo a lo que no hay que temer, pero si darle el respeto que merece y<br \/>\nnecesita.<br \/>\nDedicaremos el tiempo necesario para hablar sobre seguridad y c\u00f3mo actuar ante<br \/>\ndiferentes situaciones que puedan sobrevenir. El uso de sprays deterrentes antioso, aprenderemos el uso y manejo del rifle que portar\u00e1 nuestro gu\u00eda para<br \/>\nseguridad del grupo y algunos detalles y consejos a tener en cuenta en estos<br \/>\nterritorios.<br \/>\nRealizaremos las compras de \u00faltima hora y la preparaci\u00f3n final de nuestra traves\u00eda.<br \/>\nPor carretera nos trasladaremos hasta la localidad de Carmacks, en la orilla del r\u00edo<br \/>\nYukon y desde donde comenzaremos nuestro descenso.<\/p>\n","protected":false},"featured_media":7349,"comment_status":"open","ping_status":"closed","template":"","meta":[],"product_brand":[],"product_cat":[1029,1039],"product_tag":[],"class_list":{"0":"post-7348","1":"product","2":"type-product","3":"status-publish","4":"has-post-thumbnail","6":"product_cat-autocaravana","7":"product_cat-oceania","9":"first","10":"instock","11":"sold-individually","12":"shipping-taxable","13":"purchasable","14":"product-type-simple"},"acf":[],"_links":{"self":[{"href":"https:\/\/x-ploregroup.com\/travelsandexpeditions\/wp-json\/wp\/v2\/product\/7348","targetHints":{"allow":["GET"]}}],"collection":[{"href":"https:\/\/x-ploregroup.com\/travelsandexpeditions\/wp-json\/wp\/v2\/product"}],"about":[{"href":"https:\/\/x-ploregroup.com\/travelsandexpeditions\/wp-json\/wp\/v2\/types\/product"}],"replies":[{"embeddable":true,"href":"https:\/\/x-ploregroup.com\/travelsandexpeditions\/wp-json\/wp\/v2\/comments?post=7348"}],"version-history":[{"count":4,"href":"https:\/\/x-ploregroup.com\/travelsandexpeditions\/wp-json\/wp\/v2\/product\/7348\/revisions"}],"predecessor-version":[{"id":7363,"href":"https:\/\/x-ploregroup.com\/travelsandexpeditions\/wp-json\/wp\/v2\/product\/7348\/revisions\/7363"}],"wp:featuredmedia":[{"embeddable":true,"href":"https:\/\/x-ploregroup.com\/travelsandexpeditions\/wp-json\/wp\/v2\/media\/7349"}],"wp:attachment":[{"href":"https:\/\/x-ploregroup.com\/travelsandexpeditions\/wp-json\/wp\/v2\/media?parent=7348"}],"wp:term":[{"taxonomy":"product_brand","embeddable":true,"href":"https:\/\/x-ploregroup.com\/travelsandexpeditions\/wp-json\/wp\/v2\/product_brand?post=7348"},{"taxonomy":"product_cat","embeddable":true,"href":"https:\/\/x-ploregroup.com\/travelsandexpeditions\/wp-json\/wp\/v2\/product_cat?post=7348"},{"taxonomy":"product_tag","embeddable":true,"href":"https:\/\/x-ploregroup.com\/travelsandexpeditions\/wp-json\/wp\/v2\/product_tag?post=7348"}],"curies":[{"name":"wp","href":"https:\/\/api.w.org\/{rel}","templated":true}]}}