{"id":8194,"date":"2025-07-09T09:25:27","date_gmt":"2025-07-09T09:25:27","guid":{"rendered":"https:\/\/x-ploregroup.com\/travelsandexpeditions\/?post_type=product&#038;p=8194"},"modified":"2025-07-09T09:30:53","modified_gmt":"2025-07-09T09:30:53","slug":"tanzania-ascension-al-kilimanjaro","status":"publish","type":"product","link":"https:\/\/x-ploregroup.com\/travelsandexpeditions\/producto\/tanzania-ascension-al-kilimanjaro\/","title":{"rendered":"TANZANIA &#8211; Ascensi\u00f3n al KILIMANJARO (5.895 m)"},"content":{"rendered":"\t\t<div data-elementor-type=\"wp-post\" data-elementor-id=\"8194\" class=\"elementor elementor-8194\">\n\t\t\t\t\t\t<section class=\"elementor-section elementor-top-section elementor-element elementor-element-ec12419 elementor-section-boxed elementor-section-height-default elementor-section-height-default\" data-id=\"ec12419\" data-element_type=\"section\">\n\t\t\t\t\t\t<div class=\"elementor-container elementor-column-gap-default\">\n\t\t\t\t\t<div class=\"elementor-column elementor-col-100 elementor-top-column elementor-element elementor-element-9ab89f1\" data-id=\"9ab89f1\" data-element_type=\"column\">\n\t\t\t<div class=\"elementor-widget-wrap elementor-element-populated\">\n\t\t\t\t\t\t<div class=\"elementor-element elementor-element-f3d2869 elementor-widget elementor-widget-heading\" data-id=\"f3d2869\" data-element_type=\"widget\" data-widget_type=\"heading.default\">\n\t\t\t\t<div class=\"elementor-widget-container\">\n\t\t\t\t\t<h3 class=\"elementor-heading-title elementor-size-default\">TANZANIA - ASCENSI\u00d3N AL KILIMANJARO (5.895 M)<\/h3>\t\t\t\t<\/div>\n\t\t\t\t<\/div>\n\t\t\t\t\t<\/div>\n\t\t<\/div>\n\t\t\t\t\t<\/div>\n\t\t<\/section>\n\t\t\t\t<section class=\"elementor-section elementor-top-section elementor-element elementor-element-a51d182 elementor-section-boxed elementor-section-height-default elementor-section-height-default\" data-id=\"a51d182\" data-element_type=\"section\">\n\t\t\t\t\t\t<div class=\"elementor-container elementor-column-gap-default\">\n\t\t\t\t\t<div class=\"elementor-column elementor-col-100 elementor-top-column elementor-element elementor-element-c41c432\" data-id=\"c41c432\" data-element_type=\"column\">\n\t\t\t<div class=\"elementor-widget-wrap elementor-element-populated\">\n\t\t\t\t\t\t<div class=\"elementor-element elementor-element-cb76576 elementor-widget elementor-widget-text-editor\" data-id=\"cb76576\" data-element_type=\"widget\" data-widget_type=\"text-editor.default\">\n\t\t\t\t<div class=\"elementor-widget-container\">\n\t\t\t\t\t\t\t\t\t<p>La ascensi\u00f3n al Kilimanjaro es una aventura cl\u00e1sica para ascender al punto m\u00e1s alto del continente africano, el pico Uhuru del Kilimanjaro (5.895 m). Para el ascenso utilizaremos la Ruta Machame, una de las m\u00e1s bonitas que permite realizar un ascenso m\u00e1s tranquilo alejado de la Ruta Marangu, mucho m\u00e1s masificada. Una experiencia vital inolvidable.<\/p>\t\t\t\t\t\t\t\t<\/div>\n\t\t\t\t<\/div>\n\t\t\t\t\t<\/div>\n\t\t<\/div>\n\t\t\t\t\t<\/div>\n\t\t<\/section>\n\t\t\t\t<section class=\"elementor-section elementor-top-section elementor-element elementor-element-e09d162 elementor-section-boxed elementor-section-height-default elementor-section-height-default\" data-id=\"e09d162\" data-element_type=\"section\">\n\t\t\t\t\t\t<div class=\"elementor-container elementor-column-gap-default\">\n\t\t\t\t\t<div class=\"elementor-column elementor-col-100 elementor-top-column elementor-element elementor-element-6aff5a8\" data-id=\"6aff5a8\" data-element_type=\"column\">\n\t\t\t<div class=\"elementor-widget-wrap elementor-element-populated\">\n\t\t\t\t\t\t<div class=\"elementor-element elementor-element-38c9cb9 elementor-widget elementor-widget-image-gallery\" data-id=\"38c9cb9\" data-element_type=\"widget\" data-widget_type=\"image-gallery.default\">\n\t\t\t\t<div class=\"elementor-widget-container\">\n\t\t\t\t\t\t\t<div class=\"elementor-image-gallery\">\n\t\t\t<div id='gallery-1' class='gallery galleryid-8194 gallery-columns-3 gallery-size-full'><figure class='gallery-item'>\n\t\t\t<div class='gallery-icon landscape'>\n\t\t\t\t<a data-elementor-open-lightbox=\"yes\" data-elementor-lightbox-slideshow=\"38c9cb9\" data-elementor-lightbox-title=\"Bosque nublado\" data-e-action-hash=\"#elementor-action%3Aaction%3Dlightbox%26settings%3DeyJpZCI6ODE5NywidXJsIjoiaHR0cHM6XC9cL3gtcGxvcmVncm91cC5jb21cL3RyYXZlbHNhbmRleHBlZGl0aW9uc1wvd3AtY29udGVudFwvdXBsb2Fkc1wvMjAyNVwvMDdcL0Jvc3F1ZS1udWJsYWRvLmpwZyIsInNsaWRlc2hvdyI6IjM4YzljYjkifQ%3D%3D\" href='https:\/\/x-ploregroup.com\/travelsandexpeditions\/wp-content\/uploads\/2025\/07\/Bosque-nublado.jpg'><img fetchpriority=\"high\" decoding=\"async\" width=\"1920\" height=\"1080\" src=\"https:\/\/x-ploregroup.com\/travelsandexpeditions\/wp-content\/uploads\/2025\/07\/Bosque-nublado.jpg\" class=\"attachment-full size-full\" alt=\"\" srcset=\"https:\/\/x-ploregroup.com\/travelsandexpeditions\/wp-content\/uploads\/2025\/07\/Bosque-nublado.jpg 1920w, https:\/\/x-ploregroup.com\/travelsandexpeditions\/wp-content\/uploads\/2025\/07\/Bosque-nublado-711x400.jpg 711w, https:\/\/x-ploregroup.com\/travelsandexpeditions\/wp-content\/uploads\/2025\/07\/Bosque-nublado-693x390.jpg 693w, https:\/\/x-ploregroup.com\/travelsandexpeditions\/wp-content\/uploads\/2025\/07\/Bosque-nublado-768x432.jpg 768w, https:\/\/x-ploregroup.com\/travelsandexpeditions\/wp-content\/uploads\/2025\/07\/Bosque-nublado-1536x864.jpg 1536w, https:\/\/x-ploregroup.com\/travelsandexpeditions\/wp-content\/uploads\/2025\/07\/Bosque-nublado-332x187.jpg 332w\" sizes=\"(max-width: 1920px) 100vw, 1920px\" \/><\/a>\n\t\t\t<\/div><\/figure><figure class='gallery-item'>\n\t\t\t<div class='gallery-icon landscape'>\n\t\t\t\t<a data-elementor-open-lightbox=\"yes\" data-elementor-lightbox-slideshow=\"38c9cb9\" data-elementor-lightbox-title=\"Camaleon\" data-e-action-hash=\"#elementor-action%3Aaction%3Dlightbox%26settings%3DeyJpZCI6ODE5OCwidXJsIjoiaHR0cHM6XC9cL3gtcGxvcmVncm91cC5jb21cL3RyYXZlbHNhbmRleHBlZGl0aW9uc1wvd3AtY29udGVudFwvdXBsb2Fkc1wvMjAyNVwvMDdcL0NhbWFsZW9uLmpwZyIsInNsaWRlc2hvdyI6IjM4YzljYjkifQ%3D%3D\" href='https:\/\/x-ploregroup.com\/travelsandexpeditions\/wp-content\/uploads\/2025\/07\/Camaleon.jpg'><img decoding=\"async\" width=\"1920\" height=\"1080\" src=\"https:\/\/x-ploregroup.com\/travelsandexpeditions\/wp-content\/uploads\/2025\/07\/Camaleon.jpg\" class=\"attachment-full size-full\" alt=\"\" srcset=\"https:\/\/x-ploregroup.com\/travelsandexpeditions\/wp-content\/uploads\/2025\/07\/Camaleon.jpg 1920w, https:\/\/x-ploregroup.com\/travelsandexpeditions\/wp-content\/uploads\/2025\/07\/Camaleon-711x400.jpg 711w, https:\/\/x-ploregroup.com\/travelsandexpeditions\/wp-content\/uploads\/2025\/07\/Camaleon-693x390.jpg 693w, https:\/\/x-ploregroup.com\/travelsandexpeditions\/wp-content\/uploads\/2025\/07\/Camaleon-768x432.jpg 768w, https:\/\/x-ploregroup.com\/travelsandexpeditions\/wp-content\/uploads\/2025\/07\/Camaleon-1536x864.jpg 1536w, https:\/\/x-ploregroup.com\/travelsandexpeditions\/wp-content\/uploads\/2025\/07\/Camaleon-332x187.jpg 332w\" sizes=\"(max-width: 1920px) 100vw, 1920px\" \/><\/a>\n\t\t\t<\/div><\/figure><figure class='gallery-item'>\n\t\t\t<div class='gallery-icon landscape'>\n\t\t\t\t<a data-elementor-open-lightbox=\"yes\" data-elementor-lightbox-slideshow=\"38c9cb9\" data-elementor-lightbox-title=\"Campamento altura\" data-e-action-hash=\"#elementor-action%3Aaction%3Dlightbox%26settings%3DeyJpZCI6ODE5OSwidXJsIjoiaHR0cHM6XC9cL3gtcGxvcmVncm91cC5jb21cL3RyYXZlbHNhbmRleHBlZGl0aW9uc1wvd3AtY29udGVudFwvdXBsb2Fkc1wvMjAyNVwvMDdcL0NhbXBhbWVudG8tYWx0dXJhLmpwZyIsInNsaWRlc2hvdyI6IjM4YzljYjkifQ%3D%3D\" href='https:\/\/x-ploregroup.com\/travelsandexpeditions\/wp-content\/uploads\/2025\/07\/Campamento-altura.jpg'><img decoding=\"async\" width=\"1920\" height=\"1080\" src=\"https:\/\/x-ploregroup.com\/travelsandexpeditions\/wp-content\/uploads\/2025\/07\/Campamento-altura.jpg\" class=\"attachment-full size-full\" alt=\"\" srcset=\"https:\/\/x-ploregroup.com\/travelsandexpeditions\/wp-content\/uploads\/2025\/07\/Campamento-altura.jpg 1920w, https:\/\/x-ploregroup.com\/travelsandexpeditions\/wp-content\/uploads\/2025\/07\/Campamento-altura-711x400.jpg 711w, https:\/\/x-ploregroup.com\/travelsandexpeditions\/wp-content\/uploads\/2025\/07\/Campamento-altura-693x390.jpg 693w, https:\/\/x-ploregroup.com\/travelsandexpeditions\/wp-content\/uploads\/2025\/07\/Campamento-altura-768x432.jpg 768w, https:\/\/x-ploregroup.com\/travelsandexpeditions\/wp-content\/uploads\/2025\/07\/Campamento-altura-1536x864.jpg 1536w, https:\/\/x-ploregroup.com\/travelsandexpeditions\/wp-content\/uploads\/2025\/07\/Campamento-altura-332x187.jpg 332w\" sizes=\"(max-width: 1920px) 100vw, 1920px\" \/><\/a>\n\t\t\t<\/div><\/figure><figure class='gallery-item'>\n\t\t\t<div class='gallery-icon landscape'>\n\t\t\t\t<a data-elementor-open-lightbox=\"yes\" data-elementor-lightbox-slideshow=\"38c9cb9\" data-elementor-lightbox-title=\"Cara Oeste\" data-e-action-hash=\"#elementor-action%3Aaction%3Dlightbox%26settings%3DeyJpZCI6ODIwMCwidXJsIjoiaHR0cHM6XC9cL3gtcGxvcmVncm91cC5jb21cL3RyYXZlbHNhbmRleHBlZGl0aW9uc1wvd3AtY29udGVudFwvdXBsb2Fkc1wvMjAyNVwvMDdcL0NhcmEtT2VzdGUuanBnIiwic2xpZGVzaG93IjoiMzhjOWNiOSJ9\" href='https:\/\/x-ploregroup.com\/travelsandexpeditions\/wp-content\/uploads\/2025\/07\/Cara-Oeste.jpg'><img loading=\"lazy\" decoding=\"async\" width=\"1920\" height=\"1080\" src=\"https:\/\/x-ploregroup.com\/travelsandexpeditions\/wp-content\/uploads\/2025\/07\/Cara-Oeste.jpg\" class=\"attachment-full size-full\" alt=\"\" srcset=\"https:\/\/x-ploregroup.com\/travelsandexpeditions\/wp-content\/uploads\/2025\/07\/Cara-Oeste.jpg 1920w, https:\/\/x-ploregroup.com\/travelsandexpeditions\/wp-content\/uploads\/2025\/07\/Cara-Oeste-711x400.jpg 711w, https:\/\/x-ploregroup.com\/travelsandexpeditions\/wp-content\/uploads\/2025\/07\/Cara-Oeste-693x390.jpg 693w, https:\/\/x-ploregroup.com\/travelsandexpeditions\/wp-content\/uploads\/2025\/07\/Cara-Oeste-768x432.jpg 768w, https:\/\/x-ploregroup.com\/travelsandexpeditions\/wp-content\/uploads\/2025\/07\/Cara-Oeste-1536x864.jpg 1536w, https:\/\/x-ploregroup.com\/travelsandexpeditions\/wp-content\/uploads\/2025\/07\/Cara-Oeste-332x187.jpg 332w\" sizes=\"(max-width: 1920px) 100vw, 1920px\" \/><\/a>\n\t\t\t<\/div><\/figure><figure class='gallery-item'>\n\t\t\t<div class='gallery-icon landscape'>\n\t\t\t\t<a data-elementor-open-lightbox=\"yes\" data-elementor-lightbox-slideshow=\"38c9cb9\" data-elementor-lightbox-title=\"Cima Uhuru Peak\" data-e-action-hash=\"#elementor-action%3Aaction%3Dlightbox%26settings%3DeyJpZCI6ODIwMSwidXJsIjoiaHR0cHM6XC9cL3gtcGxvcmVncm91cC5jb21cL3RyYXZlbHNhbmRleHBlZGl0aW9uc1wvd3AtY29udGVudFwvdXBsb2Fkc1wvMjAyNVwvMDdcL0NpbWEtVWh1cnUtUGVhay5qcGciLCJzbGlkZXNob3ciOiIzOGM5Y2I5In0%3D\" href='https:\/\/x-ploregroup.com\/travelsandexpeditions\/wp-content\/uploads\/2025\/07\/Cima-Uhuru-Peak.jpg'><img loading=\"lazy\" decoding=\"async\" width=\"1920\" height=\"1080\" src=\"https:\/\/x-ploregroup.com\/travelsandexpeditions\/wp-content\/uploads\/2025\/07\/Cima-Uhuru-Peak.jpg\" class=\"attachment-full size-full\" alt=\"\" srcset=\"https:\/\/x-ploregroup.com\/travelsandexpeditions\/wp-content\/uploads\/2025\/07\/Cima-Uhuru-Peak.jpg 1920w, https:\/\/x-ploregroup.com\/travelsandexpeditions\/wp-content\/uploads\/2025\/07\/Cima-Uhuru-Peak-711x400.jpg 711w, https:\/\/x-ploregroup.com\/travelsandexpeditions\/wp-content\/uploads\/2025\/07\/Cima-Uhuru-Peak-693x390.jpg 693w, https:\/\/x-ploregroup.com\/travelsandexpeditions\/wp-content\/uploads\/2025\/07\/Cima-Uhuru-Peak-768x432.jpg 768w, https:\/\/x-ploregroup.com\/travelsandexpeditions\/wp-content\/uploads\/2025\/07\/Cima-Uhuru-Peak-1536x864.jpg 1536w, https:\/\/x-ploregroup.com\/travelsandexpeditions\/wp-content\/uploads\/2025\/07\/Cima-Uhuru-Peak-332x187.jpg 332w\" sizes=\"(max-width: 1920px) 100vw, 1920px\" \/><\/a>\n\t\t\t<\/div><\/figure><figure class='gallery-item'>\n\t\t\t<div class='gallery-icon landscape'>\n\t\t\t\t<a data-elementor-open-lightbox=\"yes\" data-elementor-lightbox-slideshow=\"38c9cb9\" data-elementor-lightbox-title=\"Glaciar somital del Kili\" data-e-action-hash=\"#elementor-action%3Aaction%3Dlightbox%26settings%3DeyJpZCI6ODIwMiwidXJsIjoiaHR0cHM6XC9cL3gtcGxvcmVncm91cC5jb21cL3RyYXZlbHNhbmRleHBlZGl0aW9uc1wvd3AtY29udGVudFwvdXBsb2Fkc1wvMjAyNVwvMDdcL0dsYWNpYXItc29taXRhbC1kZWwtS2lsaS5qcGciLCJzbGlkZXNob3ciOiIzOGM5Y2I5In0%3D\" href='https:\/\/x-ploregroup.com\/travelsandexpeditions\/wp-content\/uploads\/2025\/07\/Glaciar-somital-del-Kili.jpg'><img loading=\"lazy\" decoding=\"async\" width=\"1920\" height=\"1080\" src=\"https:\/\/x-ploregroup.com\/travelsandexpeditions\/wp-content\/uploads\/2025\/07\/Glaciar-somital-del-Kili.jpg\" class=\"attachment-full size-full\" alt=\"\" srcset=\"https:\/\/x-ploregroup.com\/travelsandexpeditions\/wp-content\/uploads\/2025\/07\/Glaciar-somital-del-Kili.jpg 1920w, https:\/\/x-ploregroup.com\/travelsandexpeditions\/wp-content\/uploads\/2025\/07\/Glaciar-somital-del-Kili-711x400.jpg 711w, https:\/\/x-ploregroup.com\/travelsandexpeditions\/wp-content\/uploads\/2025\/07\/Glaciar-somital-del-Kili-693x390.jpg 693w, https:\/\/x-ploregroup.com\/travelsandexpeditions\/wp-content\/uploads\/2025\/07\/Glaciar-somital-del-Kili-768x432.jpg 768w, https:\/\/x-ploregroup.com\/travelsandexpeditions\/wp-content\/uploads\/2025\/07\/Glaciar-somital-del-Kili-1536x864.jpg 1536w, https:\/\/x-ploregroup.com\/travelsandexpeditions\/wp-content\/uploads\/2025\/07\/Glaciar-somital-del-Kili-332x187.jpg 332w\" sizes=\"(max-width: 1920px) 100vw, 1920px\" \/><\/a>\n\t\t\t<\/div><\/figure><figure class='gallery-item'>\n\t\t\t<div class='gallery-icon landscape'>\n\t\t\t\t<a data-elementor-open-lightbox=\"yes\" data-elementor-lightbox-slideshow=\"38c9cb9\" data-elementor-lightbox-title=\"Glaciar somital del Kilimanjaro\" data-e-action-hash=\"#elementor-action%3Aaction%3Dlightbox%26settings%3DeyJpZCI6ODIwMywidXJsIjoiaHR0cHM6XC9cL3gtcGxvcmVncm91cC5jb21cL3RyYXZlbHNhbmRleHBlZGl0aW9uc1wvd3AtY29udGVudFwvdXBsb2Fkc1wvMjAyNVwvMDdcL0dsYWNpYXItc29taXRhbC1kZWwtS2lsaW1hbmphcm8uanBnIiwic2xpZGVzaG93IjoiMzhjOWNiOSJ9\" href='https:\/\/x-ploregroup.com\/travelsandexpeditions\/wp-content\/uploads\/2025\/07\/Glaciar-somital-del-Kilimanjaro.jpg'><img loading=\"lazy\" decoding=\"async\" width=\"1920\" height=\"1080\" src=\"https:\/\/x-ploregroup.com\/travelsandexpeditions\/wp-content\/uploads\/2025\/07\/Glaciar-somital-del-Kilimanjaro.jpg\" class=\"attachment-full size-full\" alt=\"\" srcset=\"https:\/\/x-ploregroup.com\/travelsandexpeditions\/wp-content\/uploads\/2025\/07\/Glaciar-somital-del-Kilimanjaro.jpg 1920w, https:\/\/x-ploregroup.com\/travelsandexpeditions\/wp-content\/uploads\/2025\/07\/Glaciar-somital-del-Kilimanjaro-711x400.jpg 711w, https:\/\/x-ploregroup.com\/travelsandexpeditions\/wp-content\/uploads\/2025\/07\/Glaciar-somital-del-Kilimanjaro-693x390.jpg 693w, https:\/\/x-ploregroup.com\/travelsandexpeditions\/wp-content\/uploads\/2025\/07\/Glaciar-somital-del-Kilimanjaro-768x432.jpg 768w, https:\/\/x-ploregroup.com\/travelsandexpeditions\/wp-content\/uploads\/2025\/07\/Glaciar-somital-del-Kilimanjaro-1536x864.jpg 1536w, https:\/\/x-ploregroup.com\/travelsandexpeditions\/wp-content\/uploads\/2025\/07\/Glaciar-somital-del-Kilimanjaro-332x187.jpg 332w\" sizes=\"(max-width: 1920px) 100vw, 1920px\" \/><\/a>\n\t\t\t<\/div><\/figure><figure class='gallery-item'>\n\t\t\t<div class='gallery-icon landscape'>\n\t\t\t\t<a data-elementor-open-lightbox=\"yes\" data-elementor-lightbox-slideshow=\"38c9cb9\" data-elementor-lightbox-title=\"Kilimanjaro panorama\" data-e-action-hash=\"#elementor-action%3Aaction%3Dlightbox%26settings%3DeyJpZCI6ODIwNCwidXJsIjoiaHR0cHM6XC9cL3gtcGxvcmVncm91cC5jb21cL3RyYXZlbHNhbmRleHBlZGl0aW9uc1wvd3AtY29udGVudFwvdXBsb2Fkc1wvMjAyNVwvMDdcL0tpbGltYW5qYXJvLXBhbm9yYW1hLmpwZyIsInNsaWRlc2hvdyI6IjM4YzljYjkifQ%3D%3D\" href='https:\/\/x-ploregroup.com\/travelsandexpeditions\/wp-content\/uploads\/2025\/07\/Kilimanjaro-panorama.jpg'><img loading=\"lazy\" decoding=\"async\" width=\"1920\" height=\"1080\" src=\"https:\/\/x-ploregroup.com\/travelsandexpeditions\/wp-content\/uploads\/2025\/07\/Kilimanjaro-panorama.jpg\" class=\"attachment-full size-full\" alt=\"\" srcset=\"https:\/\/x-ploregroup.com\/travelsandexpeditions\/wp-content\/uploads\/2025\/07\/Kilimanjaro-panorama.jpg 1920w, https:\/\/x-ploregroup.com\/travelsandexpeditions\/wp-content\/uploads\/2025\/07\/Kilimanjaro-panorama-711x400.jpg 711w, https:\/\/x-ploregroup.com\/travelsandexpeditions\/wp-content\/uploads\/2025\/07\/Kilimanjaro-panorama-693x390.jpg 693w, https:\/\/x-ploregroup.com\/travelsandexpeditions\/wp-content\/uploads\/2025\/07\/Kilimanjaro-panorama-768x432.jpg 768w, https:\/\/x-ploregroup.com\/travelsandexpeditions\/wp-content\/uploads\/2025\/07\/Kilimanjaro-panorama-1536x864.jpg 1536w, https:\/\/x-ploregroup.com\/travelsandexpeditions\/wp-content\/uploads\/2025\/07\/Kilimanjaro-panorama-332x187.jpg 332w\" sizes=\"(max-width: 1920px) 100vw, 1920px\" \/><\/a>\n\t\t\t<\/div><\/figure><figure class='gallery-item'>\n\t\t\t<div class='gallery-icon landscape'>\n\t\t\t\t<a data-elementor-open-lightbox=\"yes\" data-elementor-lightbox-slideshow=\"38c9cb9\" data-elementor-lightbox-title=\"Mar de nubes\" data-e-action-hash=\"#elementor-action%3Aaction%3Dlightbox%26settings%3DeyJpZCI6ODIwNSwidXJsIjoiaHR0cHM6XC9cL3gtcGxvcmVncm91cC5jb21cL3RyYXZlbHNhbmRleHBlZGl0aW9uc1wvd3AtY29udGVudFwvdXBsb2Fkc1wvMjAyNVwvMDdcL01hci1kZS1udWJlcy5qcGciLCJzbGlkZXNob3ciOiIzOGM5Y2I5In0%3D\" href='https:\/\/x-ploregroup.com\/travelsandexpeditions\/wp-content\/uploads\/2025\/07\/Mar-de-nubes.jpg'><img loading=\"lazy\" decoding=\"async\" width=\"1920\" height=\"1080\" src=\"https:\/\/x-ploregroup.com\/travelsandexpeditions\/wp-content\/uploads\/2025\/07\/Mar-de-nubes.jpg\" class=\"attachment-full size-full\" alt=\"\" srcset=\"https:\/\/x-ploregroup.com\/travelsandexpeditions\/wp-content\/uploads\/2025\/07\/Mar-de-nubes.jpg 1920w, https:\/\/x-ploregroup.com\/travelsandexpeditions\/wp-content\/uploads\/2025\/07\/Mar-de-nubes-711x400.jpg 711w, https:\/\/x-ploregroup.com\/travelsandexpeditions\/wp-content\/uploads\/2025\/07\/Mar-de-nubes-693x390.jpg 693w, https:\/\/x-ploregroup.com\/travelsandexpeditions\/wp-content\/uploads\/2025\/07\/Mar-de-nubes-768x432.jpg 768w, https:\/\/x-ploregroup.com\/travelsandexpeditions\/wp-content\/uploads\/2025\/07\/Mar-de-nubes-1536x864.jpg 1536w, https:\/\/x-ploregroup.com\/travelsandexpeditions\/wp-content\/uploads\/2025\/07\/Mar-de-nubes-332x187.jpg 332w\" sizes=\"(max-width: 1920px) 100vw, 1920px\" \/><\/a>\n\t\t\t<\/div><\/figure><figure class='gallery-item'>\n\t\t\t<div class='gallery-icon landscape'>\n\t\t\t\t<a data-elementor-open-lightbox=\"yes\" data-elementor-lightbox-slideshow=\"38c9cb9\" data-elementor-lightbox-title=\"Salida del sol\" data-e-action-hash=\"#elementor-action%3Aaction%3Dlightbox%26settings%3DeyJpZCI6ODIwNiwidXJsIjoiaHR0cHM6XC9cL3gtcGxvcmVncm91cC5jb21cL3RyYXZlbHNhbmRleHBlZGl0aW9uc1wvd3AtY29udGVudFwvdXBsb2Fkc1wvMjAyNVwvMDdcL1NhbGlkYS1kZWwtc29sLmpwZyIsInNsaWRlc2hvdyI6IjM4YzljYjkifQ%3D%3D\" href='https:\/\/x-ploregroup.com\/travelsandexpeditions\/wp-content\/uploads\/2025\/07\/Salida-del-sol.jpg'><img loading=\"lazy\" decoding=\"async\" width=\"1920\" height=\"1080\" src=\"https:\/\/x-ploregroup.com\/travelsandexpeditions\/wp-content\/uploads\/2025\/07\/Salida-del-sol.jpg\" class=\"attachment-full size-full\" alt=\"\" srcset=\"https:\/\/x-ploregroup.com\/travelsandexpeditions\/wp-content\/uploads\/2025\/07\/Salida-del-sol.jpg 1920w, https:\/\/x-ploregroup.com\/travelsandexpeditions\/wp-content\/uploads\/2025\/07\/Salida-del-sol-711x400.jpg 711w, https:\/\/x-ploregroup.com\/travelsandexpeditions\/wp-content\/uploads\/2025\/07\/Salida-del-sol-693x390.jpg 693w, https:\/\/x-ploregroup.com\/travelsandexpeditions\/wp-content\/uploads\/2025\/07\/Salida-del-sol-768x432.jpg 768w, https:\/\/x-ploregroup.com\/travelsandexpeditions\/wp-content\/uploads\/2025\/07\/Salida-del-sol-1536x864.jpg 1536w, https:\/\/x-ploregroup.com\/travelsandexpeditions\/wp-content\/uploads\/2025\/07\/Salida-del-sol-332x187.jpg 332w\" sizes=\"(max-width: 1920px) 100vw, 1920px\" \/><\/a>\n\t\t\t<\/div><\/figure><figure class='gallery-item'>\n\t\t\t<div class='gallery-icon landscape'>\n\t\t\t\t<a data-elementor-open-lightbox=\"yes\" data-elementor-lightbox-slideshow=\"38c9cb9\" data-elementor-lightbox-title=\"Subida 2\" data-e-action-hash=\"#elementor-action%3Aaction%3Dlightbox%26settings%3DeyJpZCI6ODIwOCwidXJsIjoiaHR0cHM6XC9cL3gtcGxvcmVncm91cC5jb21cL3RyYXZlbHNhbmRleHBlZGl0aW9uc1wvd3AtY29udGVudFwvdXBsb2Fkc1wvMjAyNVwvMDdcL1N1YmlkYS0yLmpwZyIsInNsaWRlc2hvdyI6IjM4YzljYjkifQ%3D%3D\" href='https:\/\/x-ploregroup.com\/travelsandexpeditions\/wp-content\/uploads\/2025\/07\/Subida-2.jpg'><img loading=\"lazy\" decoding=\"async\" width=\"1920\" height=\"1080\" src=\"https:\/\/x-ploregroup.com\/travelsandexpeditions\/wp-content\/uploads\/2025\/07\/Subida-2.jpg\" class=\"attachment-full size-full\" alt=\"\" srcset=\"https:\/\/x-ploregroup.com\/travelsandexpeditions\/wp-content\/uploads\/2025\/07\/Subida-2.jpg 1920w, https:\/\/x-ploregroup.com\/travelsandexpeditions\/wp-content\/uploads\/2025\/07\/Subida-2-711x400.jpg 711w, https:\/\/x-ploregroup.com\/travelsandexpeditions\/wp-content\/uploads\/2025\/07\/Subida-2-693x390.jpg 693w, https:\/\/x-ploregroup.com\/travelsandexpeditions\/wp-content\/uploads\/2025\/07\/Subida-2-768x432.jpg 768w, https:\/\/x-ploregroup.com\/travelsandexpeditions\/wp-content\/uploads\/2025\/07\/Subida-2-1536x864.jpg 1536w, https:\/\/x-ploregroup.com\/travelsandexpeditions\/wp-content\/uploads\/2025\/07\/Subida-2-332x187.jpg 332w\" sizes=\"(max-width: 1920px) 100vw, 1920px\" \/><\/a>\n\t\t\t<\/div><\/figure><figure class='gallery-item'>\n\t\t\t<div class='gallery-icon landscape'>\n\t\t\t\t<a data-elementor-open-lightbox=\"yes\" data-elementor-lightbox-slideshow=\"38c9cb9\" data-elementor-lightbox-title=\"Subida\" data-e-action-hash=\"#elementor-action%3Aaction%3Dlightbox%26settings%3DeyJpZCI6ODIwOSwidXJsIjoiaHR0cHM6XC9cL3gtcGxvcmVncm91cC5jb21cL3RyYXZlbHNhbmRleHBlZGl0aW9uc1wvd3AtY29udGVudFwvdXBsb2Fkc1wvMjAyNVwvMDdcL1N1YmlkYS5qcGciLCJzbGlkZXNob3ciOiIzOGM5Y2I5In0%3D\" href='https:\/\/x-ploregroup.com\/travelsandexpeditions\/wp-content\/uploads\/2025\/07\/Subida.jpg'><img loading=\"lazy\" decoding=\"async\" width=\"1920\" height=\"1080\" src=\"https:\/\/x-ploregroup.com\/travelsandexpeditions\/wp-content\/uploads\/2025\/07\/Subida.jpg\" class=\"attachment-full size-full\" alt=\"\" srcset=\"https:\/\/x-ploregroup.com\/travelsandexpeditions\/wp-content\/uploads\/2025\/07\/Subida.jpg 1920w, https:\/\/x-ploregroup.com\/travelsandexpeditions\/wp-content\/uploads\/2025\/07\/Subida-711x400.jpg 711w, https:\/\/x-ploregroup.com\/travelsandexpeditions\/wp-content\/uploads\/2025\/07\/Subida-693x390.jpg 693w, https:\/\/x-ploregroup.com\/travelsandexpeditions\/wp-content\/uploads\/2025\/07\/Subida-768x432.jpg 768w, https:\/\/x-ploregroup.com\/travelsandexpeditions\/wp-content\/uploads\/2025\/07\/Subida-1536x864.jpg 1536w, https:\/\/x-ploregroup.com\/travelsandexpeditions\/wp-content\/uploads\/2025\/07\/Subida-332x187.jpg 332w\" sizes=\"(max-width: 1920px) 100vw, 1920px\" \/><\/a>\n\t\t\t<\/div><\/figure>\n\t\t<\/div>\n\t\t<\/div>\n\t\t\t\t\t\t<\/div>\n\t\t\t\t<\/div>\n\t\t\t\t\t<\/div>\n\t\t<\/div>\n\t\t\t\t\t<\/div>\n\t\t<\/section>\n\t\t\t\t<\/div>\n\t\t","protected":false},"excerpt":{"rendered":"<p>Programa multiactividad de diecis\u00e9is d\u00edas (m\u00e1s dos d\u00edas de viaje) que<br \/>\ndesarrollaremos en un territorio cuyo s\u00f3lo nombre evoca aventura, Yuk\u00f3n.<br \/>\nUn territorio perteneciente a Canad\u00e1 al que da nombre el imponente r\u00edo que lo<br \/>\natraviesa. Una zona espectacular de aut\u00e9ntico ambiente y paisaje salvaje.<br \/>\nDescenderemos en canoa canadiense (canoa doble y triple) una secci\u00f3n de este<br \/>\nic\u00f3nico r\u00edo hasta la famosa localidad de Dawson City, capital de la fiebre del oro en<br \/>\nel Klondike durante el comienzo del siglo XIX y donde actualmente sigue habiendo<br \/>\nextracci\u00f3n de este preciado metal, aunque se han sustituido las panelas y la<br \/>\npaciencia por grandes y pesadas m\u00e1quinas que mueven toneladas de terreno<br \/>\ncada d\u00eda.<br \/>\nDedicaremos el d\u00eda de llegada y el posterior a familiarizarnos con nuestro \u201cnuevo<br \/>\nhorario\u201d aceptando el gran jet lag que arrastramos mientras hacemos las gestiones<br \/>\ny los preparativos previos a nuestro descenso.<br \/>\nVer las diferentes canoas que utilizaremos, c\u00f3mo cargarlas de forma adecuada y<br \/>\nel diferente equipo y materiales espec\u00edficos que utilizaremos.<br \/>\nNo olvidaremos un importante factor en este tipo de territorios y viajes, la vida<br \/>\nsalvaje, algo a lo que no hay que temer, pero si darle el respeto que merece y<br \/>\nnecesita.<br \/>\nDedicaremos el tiempo necesario para hablar sobre seguridad y c\u00f3mo actuar ante<br \/>\ndiferentes situaciones que puedan sobrevenir. El uso de sprays deterrentes antioso, aprenderemos el uso y manejo del rifle que portar\u00e1 nuestro gu\u00eda para<br \/>\nseguridad del grupo y algunos detalles y consejos a tener en cuenta en estos<br \/>\nterritorios.<br \/>\nRealizaremos las compras de \u00faltima hora y la preparaci\u00f3n final de nuestra traves\u00eda.<br \/>\nPor carretera nos trasladaremos hasta la localidad de Carmacks, en la orilla del r\u00edo<br \/>\nYukon y desde donde comenzaremos nuestro descenso.<\/p>\n","protected":false},"featured_media":8195,"comment_status":"open","ping_status":"closed","template":"","meta":[],"product_brand":[],"product_cat":[1069,1031],"product_tag":[],"class_list":{"0":"post-8194","1":"product","2":"type-product","3":"status-publish","4":"has-post-thumbnail","6":"product_cat-africa-es-viajes-a-medida-privado","7":"product_cat-viajes-a-medida-privado","9":"first","10":"instock","11":"sold-individually","12":"shipping-taxable","13":"purchasable","14":"product-type-simple"},"acf":[],"_links":{"self":[{"href":"https:\/\/x-ploregroup.com\/travelsandexpeditions\/wp-json\/wp\/v2\/product\/8194","targetHints":{"allow":["GET"]}}],"collection":[{"href":"https:\/\/x-ploregroup.com\/travelsandexpeditions\/wp-json\/wp\/v2\/product"}],"about":[{"href":"https:\/\/x-ploregroup.com\/travelsandexpeditions\/wp-json\/wp\/v2\/types\/product"}],"replies":[{"embeddable":true,"href":"https:\/\/x-ploregroup.com\/travelsandexpeditions\/wp-json\/wp\/v2\/comments?post=8194"}],"version-history":[{"count":5,"href":"https:\/\/x-ploregroup.com\/travelsandexpeditions\/wp-json\/wp\/v2\/product\/8194\/revisions"}],"predecessor-version":[{"id":8213,"href":"https:\/\/x-ploregroup.com\/travelsandexpeditions\/wp-json\/wp\/v2\/product\/8194\/revisions\/8213"}],"wp:featuredmedia":[{"embeddable":true,"href":"https:\/\/x-ploregroup.com\/travelsandexpeditions\/wp-json\/wp\/v2\/media\/8195"}],"wp:attachment":[{"href":"https:\/\/x-ploregroup.com\/travelsandexpeditions\/wp-json\/wp\/v2\/media?parent=8194"}],"wp:term":[{"taxonomy":"product_brand","embeddable":true,"href":"https:\/\/x-ploregroup.com\/travelsandexpeditions\/wp-json\/wp\/v2\/product_brand?post=8194"},{"taxonomy":"product_cat","embeddable":true,"href":"https:\/\/x-ploregroup.com\/travelsandexpeditions\/wp-json\/wp\/v2\/product_cat?post=8194"},{"taxonomy":"product_tag","embeddable":true,"href":"https:\/\/x-ploregroup.com\/travelsandexpeditions\/wp-json\/wp\/v2\/product_tag?post=8194"}],"curies":[{"name":"wp","href":"https:\/\/api.w.org\/{rel}","templated":true}]}}